{"id":12857,"date":"2015-07-02T16:56:57","date_gmt":"2015-07-02T14:56:57","guid":{"rendered":"https:\/\/pylone24.de\/?page_id=12857"},"modified":"2016-11-09T13:45:15","modified_gmt":"2016-11-09T12:45:15","slug":"s1-pylon-module-fuer-den-innen-und-aussenwerbebereich","status":"publish","type":"page","link":"https:\/\/pylone24.de\/?page_id=12857","title":{"rendered":"S1 Pylon-Module f\u00fcr den Innen- und Aussenwerbebereich."},"content":{"rendered":"<p><b>Sie suchen ein Pylon? Die richtige L\u00f6sung finden Sie hier!<br \/>\n<\/b>Prima das Sie sich auf unserer webseite informieren!<br \/>\nDas planen und bauen von Pylonen ist kein Zauberwerk,<br \/>\nsondern solides Handwerk deren Positionen ganz einfach abzuarbeiten sind.<br \/>\nUm einen Pylon planen zu k\u00f6nnen und die richtige L\u00f6sung zu offerien,<br \/>\nm\u00fcssen wir erstmal in Erfahrung bringen was Sie sich vorstellen:<br \/>\n&#8211; Welche Informationen soll Ihr Pylon aufnehmen?<br \/>\n&#8211; Farbig, schwarz\/weiss oder sogar beleuchet?<br \/>\n&#8211; Welche Gr\u00f6\u00dfe f\u00fcr den Pylon ist die angedachte und die richtige?<br \/>\n&#8211; 2m, 3m, 5m, oder gar 8m hoch? Wie breit?<br \/>\n&#8211; Haben Sie f\u00fcr den geplanten Pylonstandort die grundst\u00fcckeigent\u00fcmerseitige Genehmigung?<br \/>\n&#8211; Gab es schon eine Bauvoranfrage beim zust\u00e4ndigen \u00f6rtlichen Bauamt?<br \/>\n&#8211; Gibt es eine Budgetvorgabe?<br \/>\n&#8211; Soll der Pylon beleuchte oder unbeleuchtet sein?<\/p>\n<p>Uns w\u00fcrden noch so einige Fragen einfallen, doch an dieser Stelle wollen wir Sie<br \/>\nvorerst davor bewahren.<br \/>\n<strong>Viel wichtiger ist jetzt Ihre Kontaktaufnahme.<\/strong><br \/>\nMailen Sie uns an,<br \/>\nsenden Sie uns alle Info die zur Ausarbeitung erforderlich sind.<br \/>\nGerne k\u00f6nnen Sie sich an den obenstehenden Fragen orientieren.<br \/>\nBestenfalls senden Sie uns einfach ein fertiges Layout Ihres Wunschpylones,<br \/>\nsofern Ihre Planungen schon weiter vorangeschritten sind.<br \/>\nAndernfalls erstellen wir auch gerne einen Entwurf f\u00fcr Sie.<br \/>\nHier unsere mailadresse: <strong><a title=\"Senden Sie uns Ihre Anfrage.\" href=\"mailto:info@pylone24.de\" target=\"_blank\">info@pylone24.de<\/a><\/strong><\/p>\n","protected":false},"excerpt":{"rendered":"<p>Sie suchen ein Pylon? Die richtige L\u00f6sung finden Sie hier! Prima das Sie sich auf unserer webseite informieren! Das planen [&hellip;]<\/p>\n","protected":false},"author":1,"featured_media":0,"parent":0,"menu_order":0,"comment_status":"closed","ping_status":"closed","template":"","meta":{"_links_to":"","_links_to_target":""},"_links":{"self":[{"href":"https:\/\/pylone24.de\/index.php?rest_route=\/wp\/v2\/pages\/12857"}],"collection":[{"href":"https:\/\/pylone24.de\/index.php?rest_route=\/wp\/v2\/pages"}],"about":[{"href":"https:\/\/pylone24.de\/index.php?rest_route=\/wp\/v2\/types\/page"}],"author":[{"embeddable":true,"href":"https:\/\/pylone24.de\/index.php?rest_route=\/wp\/v2\/users\/1"}],"replies":[{"embeddable":true,"href":"https:\/\/pylone24.de\/index.php?rest_route=%2Fwp%2Fv2%2Fcomments&post=12857"}],"version-history":[{"count":4,"href":"https:\/\/pylone24.de\/index.php?rest_route=\/wp\/v2\/pages\/12857\/revisions"}],"predecessor-version":[{"id":13620,"href":"https:\/\/pylone24.de\/index.php?rest_route=\/wp\/v2\/pages\/12857\/revisions\/13620"}],"wp:attachment":[{"href":"https:\/\/pylone24.de\/index.php?rest_route=%2Fwp%2Fv2%2Fmedia&parent=12857"}],"curies":[{"name":"wp","href":"https:\/\/api.w.org\/{rel}","templated":true}]}}