{"id":12859,"date":"2016-11-09T13:50:28","date_gmt":"2016-11-09T12:50:28","guid":{"rendered":"https:\/\/pylone24.de\/?page_id=12859"},"modified":"2016-11-09T13:50:28","modified_gmt":"2016-11-09T12:50:28","slug":"s2-fuer-jede-pylonloesung-bieten-wir-eine-fertige-systemoesung-an","status":"publish","type":"page","link":"https:\/\/pylone24.de\/?page_id=12859","title":{"rendered":"S2 F\u00fcr jede Pylonl\u00f6sung bieten wir eine fertige System\u00f6sung an."},"content":{"rendered":"<p>Wir sind in der gl\u00fccklichen Lage, das wir weit \u00fcber 35 Jahren Erfahrung<br \/>\nim Bereich Werbetechnik und Pylonbau haben. Daran m\u00f6chten Sie teilhaben lassen.<br \/>\nWir haben mit unseren Technikern und Statikern verschiedene Pylonprofile<br \/>\nund Baus\u00e4tze entwickelt, die modular aufeinander aufbauen und je nach Gr\u00f6\u00dfe,<br \/>\nVerwendungsart und Einsatzzweck in den jeweils ausgesuchten Komponenten<br \/>\nzusammengesetzt werden.<br \/>\nDabei setzen wir ausschliesslich auf rostfreie und witterungsbest\u00e4ndige Materialien<br \/>\nund veredeln diese, je nach Wunsch, mit Lackierung, Beschriftung und Beleuchtung.<br \/>\nBeleuchtete Anlagen werden bei uns gr\u00f6\u00dftenteils mit LED-Technologie gebaut,<br \/>\ndas senkt die Stromkosten f\u00fcr den Betrieb und verl\u00e4ngert die Wartungsintervalle.<br \/>\nAlle Systeml\u00f6sungen die wir \u00fcber die jahrzehnte entwickelt haben,<br \/>\nkommen in Ihrem Pylon, je nach Anforderung, zum Einsatz.<br \/>\n99% aller Pylone sind f\u00fcr den langlebigen, gewerblichen Einsatz im<br \/>\nAussenbereich konstruiert worden, was nicht heissen soll,<br \/>\ndas wir auch Innenpylone bauen.<br \/>\nEinfach mal anfragen.<br \/>\nF\u00fcr Wiederverk\u00e4ufer und Werbetechniker richten wir uns ganz speziell<br \/>\nnach Ihren Anforderungen, die von Ihren Kunden an Sie herangetragen wurden.<br \/>\nSie bestimmen ob wir den Pylon lediglich liefern, oder auch das Fundament erstellen,<br \/>\noder auch die Montage als komplette Leistung durchf\u00fchren.<br \/>\nSelbstverst\u00e4ndlich k\u00f6nnen Sie Ihren Pylon auch selber beschriften,<br \/>\noder wir liefern Ihnen alles komplett aus einer Hand.<br \/>\nSie haben die Wahl, produzieren wir liefern.<b><br \/>\n<\/b>Selbstverst\u00e4ndlich bekommen Sie Sonderkonditionen,<br \/>\nwenn Sie uns bei den Planungen, Ausf\u00fchrungen oder der Pylon-Auftragsvermittlung<br \/>\nunterst\u00fctzen, denn wir wollen mit Ihnen gemeinsam<br \/>\nIhren Kunden zum vollendeten Pylon f\u00fchren.<\/p>\n","protected":false},"excerpt":{"rendered":"<p>Wir sind in der gl\u00fccklichen Lage, das wir weit \u00fcber 35 Jahren Erfahrung im Bereich Werbetechnik und Pylonbau haben. Daran [&hellip;]<\/p>\n","protected":false},"author":1,"featured_media":0,"parent":0,"menu_order":0,"comment_status":"closed","ping_status":"closed","template":"","meta":{"_links_to":"","_links_to_target":""},"_links":{"self":[{"href":"https:\/\/pylone24.de\/index.php?rest_route=\/wp\/v2\/pages\/12859"}],"collection":[{"href":"https:\/\/pylone24.de\/index.php?rest_route=\/wp\/v2\/pages"}],"about":[{"href":"https:\/\/pylone24.de\/index.php?rest_route=\/wp\/v2\/types\/page"}],"author":[{"embeddable":true,"href":"https:\/\/pylone24.de\/index.php?rest_route=\/wp\/v2\/users\/1"}],"replies":[{"embeddable":true,"href":"https:\/\/pylone24.de\/index.php?rest_route=%2Fwp%2Fv2%2Fcomments&post=12859"}],"version-history":[{"count":1,"href":"https:\/\/pylone24.de\/index.php?rest_route=\/wp\/v2\/pages\/12859\/revisions"}],"predecessor-version":[{"id":13621,"href":"https:\/\/pylone24.de\/index.php?rest_route=\/wp\/v2\/pages\/12859\/revisions\/13621"}],"wp:attachment":[{"href":"https:\/\/pylone24.de\/index.php?rest_route=%2Fwp%2Fv2%2Fmedia&parent=12859"}],"curies":[{"name":"wp","href":"https:\/\/api.w.org\/{rel}","templated":true}]}}