{"id":12860,"date":"2015-07-03T09:23:31","date_gmt":"2015-07-03T07:23:31","guid":{"rendered":"https:\/\/pylone24.de\/?page_id=12860"},"modified":"2016-11-09T15:01:43","modified_gmt":"2016-11-09T14:01:43","slug":"s3-pylone-beleuchtet-oder-unbeleuchtet","status":"publish","type":"page","link":"https:\/\/pylone24.de\/?page_id=12860","title":{"rendered":"S3 Pylone beleuchtet oder unbeleuchtet?"},"content":{"rendered":"<p><b>Wir bauen unbeleuchtet<br \/>\n&#8211; auf Wunsch mit Strahlern angeleuchtet<br \/>\n&#8211; mit Auslegearmen angeleuchtet<br \/>\n&#8211; von innen mit LED beleuchtet<br \/>\n&#8211; in Acrylglas oder mit Spanntuch<br \/>\n&#8211; alles 2-seitig, 3-seitig oder 4-seitig?<br \/>\nKein Problem!<br \/>\n<\/b>Jeder Pylon ist anders.<br \/>\nVerschiedene Kunden, verschiedene Aufgaben = unterschiedliche Pylone!<\/p>\n<p>Wichtig ist, das Ihr Pylon gut gesehen wird und das der eigentliche Werbezweck erf\u00fcllt wird!<br \/>\nOb nun 1-seitig vor einem Geb\u00e4ude,<br \/>\nfreistehend 2- oder 3-seitig als Dreieckspylon, oder<br \/>\nvon allen 4-Seiten sichtbar. Wie immer haben Sie die Wahl und es bleibt Ihrem<br \/>\nPlanungswunsch \u00fcberlassen, was final gebaut wird.<\/p>\n<p>Ein wichtige und grundlegende Entscheidung ist, ob der Pylon beleuchtet oder<br \/>\nunbeleuchtets ein soll.<br \/>\nBedenken Sie, das beleuchtet Pylone am Aufstellort eine Stromzuleitung haben<br \/>\nm\u00fcssen; das nur nebenbei bemerkt.<br \/>\nUnbeleuchtete Pylonen haben frontseitig meist eine Aluverbundtafel oder<br \/>\neine lackierte Alutafel, die jeweils beschriftet wird und um den Pylon zu verkleiden.<\/p>\n<p>Beleuchtete Pylone k\u00f6nnen v\u00f6llig unterscheidlich gebaut werden.<br \/>\nSehr beliebt ist die ganzfl\u00e4chige Spanntuchvariante, die auch eine gro\u00dffl\u00e4chige,<br \/>\nnahtfreie Beleuchtung erm\u00f6glicht. Hohe Leuchtbrillianz hat der Acyrlglaspylon,<br \/>\nder aber, wenn die Ansichtsfl\u00e4chen deutlich gr\u00f6\u00dfer als 150cm sind, oder gr\u00f6\u00dfer,<br \/>\nmaterialbedingt in den jeweilgen Tafelfornaten des Acrylglases unterteilt wird.<br \/>\nDann lassen sich N\u00e4hte und Aufteilungen nicht vermeiden.<br \/>\nDas ist nicht dramatisch, da ja Pylone im Aussenbereich meist von<br \/>\neiner Sichtweite von 3m, 5m oder gar 10m betrachtet werden.<br \/>\nDa wird dann eine Naht nicht mehr so sichtbar.<\/p>\n<p>Wie immer ist dies eine Budgetfrage und daher ist es zu aller erst mal wichtig<br \/>\nin Erfahrung zu bringen, was Sie sich vorstellen und wie Ihr Pylon<br \/>\nim Idealfall aussehen sollte.<br \/>\nBeachten Sie bitte, das ein Pylon ein Bauwerk ist, der \u00fcber viele Jahre hinweg<br \/>\nIhr Unternehmen nach Aussen hin pr\u00e4sentiert.<\/p>\n<p>Daher ist die Planung, die Fertigungsqualit\u00e4t und auch das dann zur Verf\u00fcgung<br \/>\nstehende Budget nicht unerheblich, um bei der Materialauswahl<br \/>\ndie richtigen Komponenten zusammenstellen zu k\u00f6nnen.<br \/>\nWer da am falschen Ende spart,<br \/>\nhat nach einigen Jahren weniger Freude daran.<\/p>\n<p>Wer hochwertige Komponenten verbaut, der hat langfristig mehr Freude<br \/>\nan einem sch\u00f6nen Bauwerk. Sie bestimmen das Budget, wir liefern!<\/p>\n<p>Je nach Beschriftung, Motiv und Anzahl der Buchstaben werden<br \/>\ndie Beschriftungsfl\u00e4chen gedruckt, geplottet oder auch bei<br \/>\ngew\u00fcnschter Beleuchtung teils gelasert, damit die Buchstaben einzeln zum Leuchten<br \/>\ngebracht werden k\u00f6nnen.<br \/>\nSchauen Sie sich am besten die Referenzbilder in der <strong><a title=\"Hier der Klick zur Bildergalerie.\" href=\"https:\/\/pylone24.de\/?page_id=2023\" target=\"_blank\">Galerie<\/a><\/strong> an,<br \/>\ndann kommen Sie Ihrer Auswahl schon ein St\u00fcck n\u00e4her.<\/p>\n","protected":false},"excerpt":{"rendered":"<p>Wir bauen unbeleuchtet &#8211; auf Wunsch mit Strahlern angeleuchtet &#8211; mit Auslegearmen angeleuchtet &#8211; von innen mit LED beleuchtet &#8211; [&hellip;]<\/p>\n","protected":false},"author":1,"featured_media":0,"parent":0,"menu_order":0,"comment_status":"closed","ping_status":"closed","template":"","meta":{"_links_to":"","_links_to_target":""},"_links":{"self":[{"href":"https:\/\/pylone24.de\/index.php?rest_route=\/wp\/v2\/pages\/12860"}],"collection":[{"href":"https:\/\/pylone24.de\/index.php?rest_route=\/wp\/v2\/pages"}],"about":[{"href":"https:\/\/pylone24.de\/index.php?rest_route=\/wp\/v2\/types\/page"}],"author":[{"embeddable":true,"href":"https:\/\/pylone24.de\/index.php?rest_route=\/wp\/v2\/users\/1"}],"replies":[{"embeddable":true,"href":"https:\/\/pylone24.de\/index.php?rest_route=%2Fwp%2Fv2%2Fcomments&post=12860"}],"version-history":[{"count":7,"href":"https:\/\/pylone24.de\/index.php?rest_route=\/wp\/v2\/pages\/12860\/revisions"}],"predecessor-version":[{"id":13627,"href":"https:\/\/pylone24.de\/index.php?rest_route=\/wp\/v2\/pages\/12860\/revisions\/13627"}],"wp:attachment":[{"href":"https:\/\/pylone24.de\/index.php?rest_route=%2Fwp%2Fv2%2Fmedia&parent=12860"}],"curies":[{"name":"wp","href":"https:\/\/api.w.org\/{rel}","templated":true}]}}