{"id":12862,"date":"2015-07-03T09:23:59","date_gmt":"2015-07-03T07:23:59","guid":{"rendered":"https:\/\/pylone24.de\/?page_id=12862"},"modified":"2016-11-09T15:23:54","modified_gmt":"2016-11-09T14:23:54","slug":"s4-pylone-referenzen-und-verweis-auf-werbeturm24-de","status":"publish","type":"page","link":"https:\/\/pylone24.de\/?page_id=12862","title":{"rendered":"S4 \u00fcber 1.000 Referenzen und Werbemasten"},"content":{"rendered":"<p><b>\u00dcber 1.000 Referenzen f\u00fcr Beschriftung, Metallbau, Pylone und<br \/>\nWerbeanlagenbau mit \u00fcber 32 Jahre Erfahrung.<\/b><\/p>\n<p>Deutschlands gr\u00f6\u00dfter Systemanbieter, auch f\u00fcr Werbemasten<br \/>\nab 10m. Diese finden Sie bei werbeturm24.de<br \/>\nPylone bis ca. 9m H\u00f6he haben wir bei <strong><a title=\"Sie sind schon hier.\" href=\"https:\/\/pylone24.de\">www.pylone24.de<\/a><\/strong> positioniert.<br \/>\nGr\u00f6\u00dfere Werbemasten und Werbet\u00fcrme\u00a0 sind bei <strong><a title=\"Der direkt Klick zu den gro\u00dfen Werbemasten.\" href=\"https:\/\/www.werbeturm24.de\" target=\"_blank\">www.werbeturm24.de <\/a><\/strong>zu finden.<br \/>\nGro\u00dfe Wandwerbefl\u00e4chen finden Sie bei <a title=\"Der direkte Klick zu den riesengro\u00dfen Werbefl\u00e4chen!\" href=\"https:\/\/www.maxiwall.de\" target=\"_blank\"><strong>www.maxiwall.de<\/strong><\/a>.<br \/>\nTechnische Werbung finden Sie bei <a title=\"Der Klick zu den werbetechnischen Produktseiten.\" href=\"https:\/\/www.citmax.de\" target=\"_blank\"><strong>www.citmax.de<\/strong><\/a><br \/>\n<strong>Zum Thema Werbemasten:<\/strong><br \/>\nDiese sind meist 1-stielig und werden aus Stahl bzw. Schleuderbeton hergestellt.<br \/>\nJe nach Werbefl\u00e4chengr\u00f6\u00dfe, Statik und Projektstandort werden die<br \/>\nKomponenten f\u00fcr den finalen Herstellung stets preisoptimiert.<br \/>\nDas bedeutet, je tiefer wir in das Projekt einsteigen, desto mehr M\u00f6glichkeiten<br \/>\nergeben sich, bei der Planung und der anschliessenden Fertigung<br \/>\nden Preis zu optimieren.<br \/>\nDaher sollte ein Werbemastplanung<br \/>\nimmer mit einer gut \u00fcberlegten Projektierung beginnen.<br \/>\n<strong>Die Projektierung:<br \/>\n<\/strong>Bei ausgewachsenen Werbemasten von 30m, 40m und mehr wird sich eine<br \/>\ngute Planung schnell mit einer Einsparung von 5.000 oder gar 10.000,00 \u20ac<br \/>\nbemerkbar machen!<br \/>\nWir empfehlen, ab Bauvorhaben von 50.000,00 \u20ac immer erst<br \/>\neine Projektierung bei uns durchzuf\u00fchren zu lassen,<br \/>\nso das alle Optimierungen zu einem Gesamtwerk zusammengef\u00fchrt werden<br \/>\nund Sie die den besten Preis erhalten.<\/p>\n","protected":false},"excerpt":{"rendered":"<p>\u00dcber 1.000 Referenzen f\u00fcr Beschriftung, Metallbau, Pylone und Werbeanlagenbau mit \u00fcber 32 Jahre Erfahrung. Deutschlands gr\u00f6\u00dfter Systemanbieter, auch f\u00fcr Werbemasten [&hellip;]<\/p>\n","protected":false},"author":1,"featured_media":0,"parent":0,"menu_order":0,"comment_status":"closed","ping_status":"closed","template":"","meta":{"_links_to":"","_links_to_target":""},"_links":{"self":[{"href":"https:\/\/pylone24.de\/index.php?rest_route=\/wp\/v2\/pages\/12862"}],"collection":[{"href":"https:\/\/pylone24.de\/index.php?rest_route=\/wp\/v2\/pages"}],"about":[{"href":"https:\/\/pylone24.de\/index.php?rest_route=\/wp\/v2\/types\/page"}],"author":[{"embeddable":true,"href":"https:\/\/pylone24.de\/index.php?rest_route=\/wp\/v2\/users\/1"}],"replies":[{"embeddable":true,"href":"https:\/\/pylone24.de\/index.php?rest_route=%2Fwp%2Fv2%2Fcomments&post=12862"}],"version-history":[{"count":8,"href":"https:\/\/pylone24.de\/index.php?rest_route=\/wp\/v2\/pages\/12862\/revisions"}],"predecessor-version":[{"id":13634,"href":"https:\/\/pylone24.de\/index.php?rest_route=\/wp\/v2\/pages\/12862\/revisions\/13634"}],"wp:attachment":[{"href":"https:\/\/pylone24.de\/index.php?rest_route=%2Fwp%2Fv2%2Fmedia&parent=12862"}],"curies":[{"name":"wp","href":"https:\/\/api.w.org\/{rel}","templated":true}]}}