{"id":12866,"date":"2015-07-03T09:24:54","date_gmt":"2015-07-03T07:24:54","guid":{"rendered":"https:\/\/pylone24.de\/?page_id=12866"},"modified":"2016-11-09T16:09:45","modified_gmt":"2016-11-09T15:09:45","slug":"s6-fachberatung-bauantrag-statik","status":"publish","type":"page","link":"https:\/\/pylone24.de\/?page_id=12866","title":{"rendered":"S6 Fachberatung, Bauantrag Statik"},"content":{"rendered":"<p><b>Fachberatung \u2013 Layout \u2013 Planung \u2013 Fertigung \u2013 Alle Infos \u00fcber die Projektierung:<br \/>\n<\/b>In der Projektierung werden die relevanten Details Ihres Pylones zusammengefasst, zeichnerisch dargestellt und soweit mit dem Statiker und dem Konstrukteur optimiert, das Sie ein fertiges durchdachtes Bauwerk erhalten, mit Beleuchtung, mit Beschriftung bis hin zur fix und fertigen Montage.<\/p>\n<p>Doch bevor es richtig losgeht, muss gekl\u00e4rt werden wo der Standplatz des Pylones ist<br \/>\nund ob \u00fcberhaupt eine\u00a0 <strong>Baugenehmigung<\/strong> erwirkt werden kann.<br \/>\nDabei k\u00f6nnen Sie im Vorfeld schon bei Ihrem zust\u00e4ndigen Bauamt nachfragen,<br \/>\num Planungssicherheit vorab zu bekommen.<br \/>\nNicht das Sie alle Hebel in Bewegung setzen,<br \/>\nund das Bauamt sagt: \u201ePylon? Nein Danke! Das wollen wir nicht.\u201c<br \/>\nDas kam zwar bisher extrem selten vor, doch manchmal ist es verwunderlich,<br \/>\nan welchen Standorten Pylone geplant werden und deren Genehmigung dann<br \/>\nerteilt oder verwehrt werden.<br \/>\n<strong>Hier die Reihenfolge wie Sie vorgehen sollten:<\/strong><br \/>\n1) Genau in Erfahrung bringen was Sie haben m\u00f6chten. Pylon-Ma\u00dfe,<br \/>\nbeleuchtet, unbeleuchtet, einseitig, Beschriftung? &#8230;. etc. \u2026<br \/>\n2) Kl\u00e4ren, ob der Austellort \u00fcberhaupt genehmigungsf\u00e4hig ist.<br \/>\nSei es vom Grundst\u00fcckeigent\u00fcmer oder sei es vom Bauamt.<br \/>\nSich das vom Grundst\u00fcckseigent\u00fcmer schriftlich best\u00e4tigen lassen!<br \/>\n3) Voranfrage bei Ihrem \u00f6rtlichen Bauamt stellen, wer dort namentlich zust\u00e4ndig ist<br \/>\nund ob dortig Probleme f\u00fcr einen Pylon gesehen werden.<br \/>\nGibt es Auflagen, Einschr\u00e4nkungen oder gar einen B-Plan (Bebauungsplan)?<b><br \/>\n<\/b>4) Anforderung eines Auzuges aus dem Liegenschaftskarte.<br \/>\nDen bekommen Sie bei Ihrer Beh\u00f6rde oder beim Katasteramt.<br \/>\nManchmal heissen die Abteilungen auch anders, einfach mal nachfragen<br \/>\nMa\u00dfstab 1: 500 sollte reichen, kostet so um die 25,00 \u20ac.<br \/>\nDie Bauantragsstellung k\u00f6nnen Sie durchf\u00fchren, oder wenn Ihnen das zuviel<br \/>\nSchreibarbeit ist und Vorbereitungszeit kostet, dann f\u00fchrt pylone24<br \/>\ndas gegen eine geringe Kostenpauschale durch.<br \/>\nIn der Liegenschaftskarte sollten Sie in einer Kopie den Pylon einzeichen.<br \/>\nDas Orginal vorerst nicht vollkritzeln,\u00a0 zu uns oder mit Bauantrag<br \/>\nsp\u00e4ter dem Bauamt zusenden\/mailen.<br \/>\n5) Das sollte vorerst reichen, nun kommt die Kontaktaufnahme zu uns.<br \/>\n6) Wir zeichen den Pylon, machen die Vorplanung.<br \/>\n7) Wir erstellen die Pylonstatik und kl\u00e4ren auf \u00fcber Fundament, Gr\u00f6\u00dfe und Bauart.<br \/>\n8) Der Bauantrag sollte gestellt werden, vermutlich machen wir das oder Sie,<br \/>\nwenn Sie es k\u00f6nnen.<br \/>\n9) Nun heisst es abwarten und mit dem Bauamt Kontakt aufnehmen,<br \/>\nob und wann Ihr Pylon bewilligt wird.<br \/>\n10) Zwischenzeitlich und vorab sollten Sie sich Gedanken machen,<br \/>\nwie Sie zum geplanten Standort des Pylones die ggf. Elt-Zuleitung<br \/>\nhinbekommen. Aber nur, wenn Ihr Pylon beleuchtet werden soll.<br \/>\nDas w\u00e4re im groben die Schnellversion wie wir die steps machen sollten.<\/p>\n","protected":false},"excerpt":{"rendered":"<p>Fachberatung \u2013 Layout \u2013 Planung \u2013 Fertigung \u2013 Alle Infos \u00fcber die Projektierung: In der Projektierung werden die relevanten Details [&hellip;]<\/p>\n","protected":false},"author":1,"featured_media":0,"parent":0,"menu_order":0,"comment_status":"closed","ping_status":"closed","template":"","meta":{"_links_to":"","_links_to_target":""},"_links":{"self":[{"href":"https:\/\/pylone24.de\/index.php?rest_route=\/wp\/v2\/pages\/12866"}],"collection":[{"href":"https:\/\/pylone24.de\/index.php?rest_route=\/wp\/v2\/pages"}],"about":[{"href":"https:\/\/pylone24.de\/index.php?rest_route=\/wp\/v2\/types\/page"}],"author":[{"embeddable":true,"href":"https:\/\/pylone24.de\/index.php?rest_route=\/wp\/v2\/users\/1"}],"replies":[{"embeddable":true,"href":"https:\/\/pylone24.de\/index.php?rest_route=%2Fwp%2Fv2%2Fcomments&post=12866"}],"version-history":[{"count":5,"href":"https:\/\/pylone24.de\/index.php?rest_route=\/wp\/v2\/pages\/12866\/revisions"}],"predecessor-version":[{"id":13641,"href":"https:\/\/pylone24.de\/index.php?rest_route=\/wp\/v2\/pages\/12866\/revisions\/13641"}],"wp:attachment":[{"href":"https:\/\/pylone24.de\/index.php?rest_route=%2Fwp%2Fv2%2Fmedia&parent=12866"}],"curies":[{"name":"wp","href":"https:\/\/api.w.org\/{rel}","templated":true}]}}