{"id":12870,"date":"2015-07-03T09:25:55","date_gmt":"2015-07-03T07:25:55","guid":{"rendered":"https:\/\/pylone24.de\/?page_id=12870"},"modified":"2016-11-09T16:24:05","modified_gmt":"2016-11-09T15:24:05","slug":"s8-gelaserte-buchstaben-und-durchgestecktes-acryl","status":"publish","type":"page","link":"https:\/\/pylone24.de\/?page_id=12870","title":{"rendered":"S8 Gelaserte Buchstaben und durchgestecktes Acryl"},"content":{"rendered":"<p><b>Gelaserte Buchstaben, durchgestecktes Acryl, Edelstahloptik, polierte Kanten?<br \/>\nHier alle Infos was geht!<br \/>\n<\/b>Darf es ein wenig exclusiver sein?<br \/>\nEin Plylon kann rein informativ v\u00f6llig ausreichen, wenn er im Format, Gr\u00f6\u00dfe,<br \/>\nDarstellung und Ausleuchtung Ihren Anforderungen gerecht wird.<\/p>\n<p><strong>Gerade bei Plyonen ist es m\u00f6glich, Unikate und exclusives zu realisieren!<\/strong><br \/>\nHier ein paar Ideen was so m\u00f6glich ist:<br \/>\n&#8211;<strong> Edelstahloptik<\/strong> w\u00e4re in geschliffener Form schon ein HighLight!<br \/>\n&#8211; Noch exclusiver ist <strong>poliertes Edelstahl<\/strong>, \u00e4hnlich dem <strong>Chrom<\/strong>,<br \/>\ndas w\u00e4re dann vom Material High End.<br \/>\n&#8211; Gleichzusetzen w\u00e4re eine gesamte <strong>4-fbg. Beschriftung<\/strong><br \/>\n&#8211; noch besser wenn diese <strong>ganzfl\u00e4chig als Dia beleuchtet<\/strong> wird.<br \/>\nDas letzte i-T\u00fcpfelchen sind <strong>gelaserte Buchstaben<\/strong>,<br \/>\ndie aus dem Frontblech ausgeschnitten werden, und identische Buchstaben aus<br \/>\nAcrylglas <strong>mit polierten Kanten<\/strong>, die dann von hinten durch die zuvor<br \/>\ngelaserte Frontplatte durchgesteckt werden, so das diese dezent<br \/>\nmit Kontur und <strong>mit hinterlegten LEDs<\/strong> zum leuchten gebracht werden.<\/p>\n<p>Die <strong>Standpfosten<\/strong> ebenso in Edelstahl oder noch zus\u00e4tzlich <strong>mit Nut geschlitzt<\/strong><br \/>\nund in dieser Nut ebenso eine LED-Beleuchtung integriert. Alles ist m\u00f6glich.<br \/>\nEs muss auch nicht immer Edelstahl sein um exclusiv zu wirken.<br \/>\n<strong>Der RAL F\u00e4cher hat viele Farben und Ihrer Creativit\u00e4t sind keine<br \/>\nGrenzen gesetzt, <\/strong><strong>um Ihr Individual-Design aufzunehmen.<\/strong><\/p>\n<p>Die Frontfl\u00e4chen auf Form gelasert, gebogen oder gew\u00f6lbt,<br \/>\nmit Lochblechen verkleidet oder mit Farbelementen fr\u00f6hlich bunt formatiert.<br \/>\nLassen Sie Ihren Gedanken und Ihrem Budget freien Lauf,<br \/>\ndie perfekte Individuall\u00f6sung wird sich finden!<b> <\/b><\/p>\n","protected":false},"excerpt":{"rendered":"<p>Gelaserte Buchstaben, durchgestecktes Acryl, Edelstahloptik, polierte Kanten? Hier alle Infos was geht! Darf es ein wenig exclusiver sein? Ein Plylon [&hellip;]<\/p>\n","protected":false},"author":1,"featured_media":0,"parent":0,"menu_order":0,"comment_status":"closed","ping_status":"closed","template":"","meta":{"_links_to":"","_links_to_target":""},"_links":{"self":[{"href":"https:\/\/pylone24.de\/index.php?rest_route=\/wp\/v2\/pages\/12870"}],"collection":[{"href":"https:\/\/pylone24.de\/index.php?rest_route=\/wp\/v2\/pages"}],"about":[{"href":"https:\/\/pylone24.de\/index.php?rest_route=\/wp\/v2\/types\/page"}],"author":[{"embeddable":true,"href":"https:\/\/pylone24.de\/index.php?rest_route=\/wp\/v2\/users\/1"}],"replies":[{"embeddable":true,"href":"https:\/\/pylone24.de\/index.php?rest_route=%2Fwp%2Fv2%2Fcomments&post=12870"}],"version-history":[{"count":6,"href":"https:\/\/pylone24.de\/index.php?rest_route=\/wp\/v2\/pages\/12870\/revisions"}],"predecessor-version":[{"id":13650,"href":"https:\/\/pylone24.de\/index.php?rest_route=\/wp\/v2\/pages\/12870\/revisions\/13650"}],"wp:attachment":[{"href":"https:\/\/pylone24.de\/index.php?rest_route=%2Fwp%2Fv2%2Fmedia&parent=12870"}],"curies":[{"name":"wp","href":"https:\/\/api.w.org\/{rel}","templated":true}]}}