{"id":12872,"date":"2015-07-03T09:26:23","date_gmt":"2015-07-03T07:26:23","guid":{"rendered":"https:\/\/pylone24.de\/?page_id=12872"},"modified":"2016-11-09T16:35:20","modified_gmt":"2016-11-09T15:35:20","slug":"s9-fertige-pylonmodule-vereinfachen-die-fertigung","status":"publish","type":"page","link":"https:\/\/pylone24.de\/?page_id=12872","title":{"rendered":"S9 Fertige Pylonmodule vereinfachen die Fertigung."},"content":{"rendered":"<p><b>Fertige Pylonmodule vereinfachen die Fertigung, Sie profitieren davon.<br \/>\n<\/b>Speziell f\u00fcr unseren Pylonbau wurden Profile entwicklet,<br \/>\ndie einen seitlichen formsch\u00f6nen Abschluss erm\u00f6glichen und in denen<br \/>\ndie front- und r\u00fcckseitige Werbefl\u00e4che in gerader oder gew\u00f6lbter Form<br \/>\neingefasst werden kann.<br \/>\nAber auch gerade Kanten, oder aussenliegende, runde oder gar eckige<br \/>\nSt\u00fctzen k\u00f6nnen zur Pylonform zu Ihrem Objekt<br \/>\noder zum Design der Beschriftung \u00a0passen.<br \/>\nAlle Elemente sind eingeteilt in fertige Tafelformate, die jeweils f\u00fcr Ihre Gr\u00f6\u00dfe<br \/>\nmodular zusammengef\u00fcgt werden.<br \/>\n<strong>Wir fertigen bis 300cm Breite und bis 900cm H\u00f6he,<\/strong><br \/>\n<strong> wenn es mal gr\u00f6\u00dfer sein soll, sei dies auch kein Problem!<\/strong><br \/>\n<strong> Und wenn Sie einen ganz kleinen Pylon ben\u00f6tigen,<\/strong><br \/>\n<strong> der kleinste war bisher B40 x H90 cm, das sei also auch m\u00f6glich.<\/strong><br \/>\n<strong> Unser Fertigung ist so eingestellt, das alle Zuschnitte auf<\/strong><br \/>\n<strong> Pr\u00e4zisionsschneidemaschinen f\u00fcr Gro\u00dfformattafeln oder auf<\/strong><br \/>\n<strong> Formatlaser hergestellt werden.<\/strong><br \/>\nGro\u00dfe Pylone erhalten einen feuerverzinkten Stahlkorpus oder<br \/>\nwenn es die Statik zul\u00e4st eine Standkonstruktion aus Aluminium.<br \/>\nAlle Materialien sind langfristig wetterfest und f\u00fcr den dauerhaften<br \/>\nAusseneinsatz konzipiert.<br \/>\nF\u00fcr M\u00f6belh\u00e4user und Gro\u00dfausstellungen fertigen wir auch<br \/>\nLeichtpylone, die bestens f\u00fcr den Inneneinsatz geeignet sind.<br \/>\nOptional auch rollbar, so das diese schnell zur geeigneten<br \/>\nDekoration oder Beschilderung positioniert werden k\u00f6nnen.<\/p>\n","protected":false},"excerpt":{"rendered":"<p>Fertige Pylonmodule vereinfachen die Fertigung, Sie profitieren davon. Speziell f\u00fcr unseren Pylonbau wurden Profile entwicklet, die einen seitlichen formsch\u00f6nen Abschluss [&hellip;]<\/p>\n","protected":false},"author":1,"featured_media":0,"parent":0,"menu_order":0,"comment_status":"closed","ping_status":"closed","template":"","meta":{"_links_to":"","_links_to_target":""},"_links":{"self":[{"href":"https:\/\/pylone24.de\/index.php?rest_route=\/wp\/v2\/pages\/12872"}],"collection":[{"href":"https:\/\/pylone24.de\/index.php?rest_route=\/wp\/v2\/pages"}],"about":[{"href":"https:\/\/pylone24.de\/index.php?rest_route=\/wp\/v2\/types\/page"}],"author":[{"embeddable":true,"href":"https:\/\/pylone24.de\/index.php?rest_route=\/wp\/v2\/users\/1"}],"replies":[{"embeddable":true,"href":"https:\/\/pylone24.de\/index.php?rest_route=%2Fwp%2Fv2%2Fcomments&post=12872"}],"version-history":[{"count":5,"href":"https:\/\/pylone24.de\/index.php?rest_route=\/wp\/v2\/pages\/12872\/revisions"}],"predecessor-version":[{"id":13654,"href":"https:\/\/pylone24.de\/index.php?rest_route=\/wp\/v2\/pages\/12872\/revisions\/13654"}],"wp:attachment":[{"href":"https:\/\/pylone24.de\/index.php?rest_route=%2Fwp%2Fv2%2Fmedia&parent=12872"}],"curies":[{"name":"wp","href":"https:\/\/api.w.org\/{rel}","templated":true}]}}