{"id":12876,"date":"2015-07-03T09:27:23","date_gmt":"2015-07-03T07:27:23","guid":{"rendered":"https:\/\/pylone24.de\/?page_id=12876"},"modified":"2016-11-09T16:45:45","modified_gmt":"2016-11-09T15:45:45","slug":"s11-vom-fundament-bis-zur-beschriftung-bundesweite-auslieferung","status":"publish","type":"page","link":"https:\/\/pylone24.de\/?page_id=12876","title":{"rendered":"S11 Vom Fundament bis zur Beschriftung &#8211; bundesweite Auslieferung."},"content":{"rendered":"<p><b>Eigene Fertigung, bundesweite Auslieferung. Hier die Infos zur Montage:<br \/>\n<\/b>pylone24 ist seit 1984 aktiv am Markt t\u00e4tig und zus\u00e4tzlich mit Divisionen<br \/>\nab 2017 bundesweit \u00fcber Werbetechnikbetriebe abrufbar.<br \/>\nDie Planung und Fertigung wird zentral gesteuert, die finale Montage<br \/>\nhat sowieso vor Ort zu erfolgen.<br \/>\nSie haben stets die Wahl selber zu montieren,<br \/>\nIhren Werbetechnikbetrieb in Ihrer N\u00e4he montieren zu lassen,<br \/>\noder bei uns das Montageteam anzufordern,<br \/>\ndann senden wir Ihnen unsere pylone24-Monteure.<\/p>\n<p>Wenn die Montage bie Ihnen vor Ort mit Fundamenterstellung erfolgt,<br \/>\ndann kommen wir 2mal zu Ihnen.<br \/>\n<strong>step1 w\u00e4re dann die Fundamenterstellung.<\/strong><br \/>\nDas dauert meist 1 Tag. Dann muss das Fundament trocknen, je nach Witterung<br \/>\nund Gr\u00f6\u00dfe kann dies durchaus 2 bis 4 Wochen dauern bis das Fundament<br \/>\nund deren statischen Haltekr\u00e4fte belastbar sind.<br \/>\n<strong>step2 w\u00e4re die Pylonanlieferung mit Stellung mit Installation und Inbetriebnahme.<\/strong><br \/>\nUnsere Monteure fahren erst wieder weg, wenn alles fertig ist!<br \/>\nWir verf\u00fcgen \u00fcber eigene gro\u00dfe Transporter und Anh\u00e4nger, die bis zu<br \/>\n8\/9m Pylone transportieren k\u00f6nnen.<br \/>\nF\u00fcr gr\u00f6\u00dfere Bauvorhaben rufen wir unseren befreundeten Spediteur an,<br \/>\nder einen gro\u00dfen LKW-Sattelzug zur Anlieferung hat.<br \/>\nKleinere Pylone k\u00f6nnen wir selber vor Ort aufstellen, bei gr\u00f6\u00dferen Pylonen<br \/>\nsuchen wir uns geeignete Kran-Unternehmer vor Ort, die den Pylon bei<br \/>\nIhnen auf das zuvor erstellte Fundament aufsetzen.<br \/>\nDas geht schnell, ist preiswert und keinen Angst, Sie brauchen sich bei<br \/>\nder Planung und Realsierung um nichts k\u00fcmmern.<br \/>\nDenn wir projektieren alles bis zur fertigen \u00dcbergabe.<\/p>\n","protected":false},"excerpt":{"rendered":"<p>Eigene Fertigung, bundesweite Auslieferung. Hier die Infos zur Montage: pylone24 ist seit 1984 aktiv am Markt t\u00e4tig und zus\u00e4tzlich mit [&hellip;]<\/p>\n","protected":false},"author":1,"featured_media":0,"parent":0,"menu_order":0,"comment_status":"closed","ping_status":"closed","template":"","meta":{"_links_to":"","_links_to_target":""},"_links":{"self":[{"href":"https:\/\/pylone24.de\/index.php?rest_route=\/wp\/v2\/pages\/12876"}],"collection":[{"href":"https:\/\/pylone24.de\/index.php?rest_route=\/wp\/v2\/pages"}],"about":[{"href":"https:\/\/pylone24.de\/index.php?rest_route=\/wp\/v2\/types\/page"}],"author":[{"embeddable":true,"href":"https:\/\/pylone24.de\/index.php?rest_route=\/wp\/v2\/users\/1"}],"replies":[{"embeddable":true,"href":"https:\/\/pylone24.de\/index.php?rest_route=%2Fwp%2Fv2%2Fcomments&post=12876"}],"version-history":[{"count":5,"href":"https:\/\/pylone24.de\/index.php?rest_route=\/wp\/v2\/pages\/12876\/revisions"}],"predecessor-version":[{"id":13661,"href":"https:\/\/pylone24.de\/index.php?rest_route=\/wp\/v2\/pages\/12876\/revisions\/13661"}],"wp:attachment":[{"href":"https:\/\/pylone24.de\/index.php?rest_route=%2Fwp%2Fv2%2Fmedia&parent=12876"}],"curies":[{"name":"wp","href":"https:\/\/api.w.org\/{rel}","templated":true}]}}