{"id":12878,"date":"2015-07-03T09:27:45","date_gmt":"2015-07-03T07:27:45","guid":{"rendered":"https:\/\/pylone24.de\/?page_id=12878"},"modified":"2016-11-09T16:53:37","modified_gmt":"2016-11-09T15:53:37","slug":"s12-wir-liefern-schnell-und-unkompliziert","status":"publish","type":"page","link":"https:\/\/pylone24.de\/?page_id=12878","title":{"rendered":"S12 Wir liefern schnell und unkompliziert."},"content":{"rendered":"<p><b>Kurze Produktionszeiten, Infos zum Terminablauf.<br \/>\n<\/b>\u201eJust in time\u201c war das Modewort bei Fertigungsbetrieben in den 80er Jahren.<br \/>\nBis heute hat es bei pylone24 die Bedeutung, schnell, kompetent und<br \/>\nunkompliziert Ihr Bauvorhaben in die Tat umzusetzen, eben -just in time-.<br \/>\n<strong>Hier ein paar Zeitwerte f\u00fcr die Pylonerstellung, damt Sie planen k\u00f6nnen.<\/strong><br \/>\n<strong>step1:<\/strong><br \/>\nWir ben\u00f6tigen Ihre Kontaktaufnahme damit es \u00fcberhaupt los geht.<br \/>\nDas dauert max. 10 min. uns eine aussagef\u00e4gige Anfrage-Email zu senden,<br \/>\nschon haben Sie den ersten step erledigt.<br \/>\n<strong>step2:<\/strong><br \/>\nWir reagieren sofort und erstellen Ihnen sehr fix ein Angebot.<br \/>\nDie meisten Preise k\u00f6nnen Sie sich auf unserer Webseite selber zusammen stellen,<br \/>\ngerne gehen wir alle Position gemeinsam mit Ihnen online durch.<br \/>\nSie k\u00f6nnen mit der pylone24.de webseite sich auch mit Ihrem Werbetechnikbetrieb in Ihrer N\u00e4he den Wunschpylon online auf unserer webseite selber konfektionieren.<br \/>\nOder Sie rufen uns an, und wir gehen gemeinsam alles durch.<br \/>\nDas Angebot bekommen Sie sofort und am selben Tag Ihrer Anfrage,<br \/>\nda in denmeisten F\u00e4llen online alle Preise verf\u00fcgbar sind.<br \/>\n<strong>step3:<\/strong><br \/>\nDie Projektierung.<br \/>\nDort werden alle ma\u00dfgeblichen Herstellungsfakten des Pylons zusammengetragen.<br \/>\nBauantragsstellung, Detailzeichnung, Beschriftung, Korrekturabzug, Statik, Werkzeichnung,<br \/>\nFundamentplan- und Berechnung bis hin zur Montageplanung vor Ort.<br \/>\n<strong>Hierzu ben\u00f6tigen wir Ihren Auftrag,<\/strong><br \/>\ndenn nur dann d\u00fcrfen wir arbeiten und loslegen.<br \/>\nOder Sie projektieren selber, dann m\u00fcssen Sie sich um alles k\u00fcmmern und<br \/>\ntragen die Planungsverantwortlichkeit.<br \/>\nWir w\u00fcrden ca. 2 bis 8 Tage (je nach Pylongr\u00f6\u00dfe und Bauart) ben\u00f6tigen,<br \/>\num die Projektierung zu konkretisieren.<br \/>\n<strong>step4<\/strong><br \/>\nw\u00e4re die Fundamenterstellung. In der Regel dauert dies einen Tag, aber mit Vorplanung und Reaktionszeit sollten Sie ca. 1 Woche ansetzen, da die Montageteams vermutlich gerade beim vorhergehenden Pylon eingeplant sind.<br \/>\n<strong>step5<\/strong><br \/>\nw\u00e4re die Pylonfertigung. Da bei pylone24 alles modular aufgebaut ist, k\u00f6nnen die Planungszeichnungen der Projektierung sofort in der Produktion realisiert\u00a0 werden.<br \/>\nGehen Sie einfach mal von 5 bis 10 Tagen aus, je nach Gr\u00f6\u00dfe und Umfang.<br \/>\nKleine Pylone gehen schneller.<br \/>\n<strong>step6<\/strong><br \/>\nw\u00e4ren die Umsetzung Ihrer Extraw\u00fcnsche wie Beleuchtung mit z.B. LED, Beschriftung,<br \/>\noder gelaserte Buchstaben, oder umfangreiche 4c Drucke, oder sonstige Dinge,<br \/>\ndie Ihren Pylon h\u00fcbsch erscheinen lassen.<br \/>\nDa sind die Lieferzeit ganz unterscheidlich, vielleicht nochmals<br \/>\n5 oder 10 Tage kalkulieren. Das sollte reichen.<br \/>\n<strong>step7<\/strong><br \/>\nDie Montage. Wenn der Pylon montagefertig bei uns bereit liegt, dann<b> <\/b>heisst es aufladen, Montageger\u00e4t einpacken und auf geht\u2019s.<br \/>\nDie Montage dauert je nach Umfang und Gr\u00f6\u00dfe 1 bis 2 Tage.<br \/>\nNur bei besonders gro\u00dfen Projekten sei ein dritter Tag notwendig.<br \/>\n\u201eJust in time\u201c, bei uns sei es m\u00f6glich!<\/p>\n","protected":false},"excerpt":{"rendered":"<p>Kurze Produktionszeiten, Infos zum Terminablauf. \u201eJust in time\u201c war das Modewort bei Fertigungsbetrieben in den 80er Jahren. Bis heute hat [&hellip;]<\/p>\n","protected":false},"author":1,"featured_media":0,"parent":0,"menu_order":0,"comment_status":"closed","ping_status":"closed","template":"","meta":{"_links_to":"","_links_to_target":""},"_links":{"self":[{"href":"https:\/\/pylone24.de\/index.php?rest_route=\/wp\/v2\/pages\/12878"}],"collection":[{"href":"https:\/\/pylone24.de\/index.php?rest_route=\/wp\/v2\/pages"}],"about":[{"href":"https:\/\/pylone24.de\/index.php?rest_route=\/wp\/v2\/types\/page"}],"author":[{"embeddable":true,"href":"https:\/\/pylone24.de\/index.php?rest_route=\/wp\/v2\/users\/1"}],"replies":[{"embeddable":true,"href":"https:\/\/pylone24.de\/index.php?rest_route=%2Fwp%2Fv2%2Fcomments&post=12878"}],"version-history":[{"count":4,"href":"https:\/\/pylone24.de\/index.php?rest_route=\/wp\/v2\/pages\/12878\/revisions"}],"predecessor-version":[{"id":13664,"href":"https:\/\/pylone24.de\/index.php?rest_route=\/wp\/v2\/pages\/12878\/revisions\/13664"}],"wp:attachment":[{"href":"https:\/\/pylone24.de\/index.php?rest_route=%2Fwp%2Fv2%2Fmedia&parent=12878"}],"curies":[{"name":"wp","href":"https:\/\/api.w.org\/{rel}","templated":true}]}}