{"id":6680,"date":"2014-01-28T15:00:14","date_gmt":"2014-01-28T14:00:14","guid":{"rendered":"https:\/\/pylone24.de\/?page_id=6680"},"modified":"2016-05-19T11:48:30","modified_gmt":"2016-05-19T09:48:30","slug":"pylon-b100-bis-b-300-cm","status":"publish","type":"page","link":"https:\/\/pylone24.de\/?page_id=6680","title":{"rendered":"Pylon B100 bis B 300 cm"},"content":{"rendered":"<p><strong>Werbe-Pylone f\u00fcr den Aussenbereich fertigen wir in allen Gr\u00f6\u00dfen und Formen.<\/strong><br \/>\nWir haben die Pylon-Formate nach den jeweiligen \u00fcblichen verf\u00fcgbaren Tafelformaten optimiert,\u00a0so das daraus die Standard-Gr\u00f6\u00dfen in den<br \/>\nBreiten 100 \/ 125 \/ 150 \/ 200 \/ 250 \/ 300 cm entstanden.<\/p>\n<p>95% aller Pylone sind deutlich hochformatig und werden in den H\u00f6hen H300 bis H900 cm produziert.\u00a0Zeichnungen, Darstellungen und Alternativen der Pylonprofile\u00a0finden Sie bei uns im Shop.<br \/>\nDa alle Pylonkonstruktionen Standprofile haben, die die senkrechte\u00a0Konstruktion halten und darauf die Werbefl\u00e4che fixiert wird, haben wir die wichtigsten Pylon-Arten hier wie folgt zusammen gefasst:<\/p>\n<p><strong>1) Pylon mit innenliegenden Standprofil.<\/strong><br \/>\nWerbefl\u00e4chen verdecken das Standprofil in der Ansicht.<br \/>\n<strong>2) Pylon mit aussenliegenden Standprofil.<\/strong><br \/>\nDie Werbefl\u00e4chen liegen zwischen den Standprofilen.\u00a0Die Standprofile sind somit sichtbar und k\u00f6nnen farblich als Gestaltungselement genutzt werden.<br \/>\n<strong>3) Pylon mit seitlichen Pylonprofil1,<\/strong><br \/>\n<span style=\"text-decoration: underline;\">mit gerader Werbefl\u00e4che<\/span>.\u00a0Stand-Profil sichtbar.<br \/>\n<strong>4) Pylon mit seitlichen<\/strong> <strong>Pylonprofil1<\/strong>,<br \/>\n<span style=\"text-decoration: underline;\">mit ovaler\/gebogener Werbefl\u00e4che<\/span>.\u00a0Stand-Profil sichtbar.<br \/>\n<strong>5) Pylon mit seitlichen halbrunden, breitem Pylonprofil2<\/strong>,<br \/>\nmit gerader Werbefl\u00e4che. Stand-Profil sichtbar.<br \/>\n<strong>6) Pylon mit seitlichen Rundpfosten<\/strong>,<br \/>\nmit gerader Werbefl\u00e4che.\u00a0Stand-Profil sichtbar.<br \/>\n<strong>7) Pylon mit gekanteten Werbefl\u00e4chen<\/strong>, Standprofil innenliegend, nicht sichtbar.<\/p>\n<p>Alle Pylonvarianten werden ma\u00dfgenau gefertigt, auf Wunsch nach Ihren Vorgaben beschriftet und\u00a0bundesweit ausgeliefert.<br \/>\nWir liefern die Pylone mit und ohne Fundamenterstellung aus.<br \/>\nAuf Wunsch liefern wir alle Statiken\/Standsicherheitsnachweise f\u00fcr Pylon und Fundament.\u00a0Bitte dies bei Bestellung mit aufgeben.<\/p>\n<p>F\u00fcr Werbetechnikbetriebe und Werbeagenturen bieten wir alle Pylonarten auch ohne Beschriftung\u00a0an, so das Sie nach Ihren M\u00f6glichkeiten diese Beschriftungsarbeit auch selber ausf\u00fchren k\u00f6nnen.<\/p>\n<p>Alle Pylone bieten wir auch mit externer Beleuchtung mittels Bodenstrahler oder obigen Auslegearmstrahler an, oder beleuchtet mit innenliegenden Leuchtstoffr\u00f6hren oder LED, nach Wunsch\/nach Bauart.<\/p>\n<p>Die Tafelformate der jeweiligen Pylon-Werbefl\u00e4chenansichten sind:<br \/>\n100 x 200 cm \/ 125 x 250 cm \/ 150 x 300 cm. Die jeweiligen tats\u00e4chlichen Breiten der Ansichtfl\u00e4chen\u00a0variieren je nach Pylontyp.<br \/>\nDas Endma\u00df teilen wir jeweils bei der Fertigungszeichnung mit.<\/p>\n<p>Alle Beschriftungsarbeiten werden mit Hochleistungsfolien ausgef\u00fchrt.<br \/>\nAuf Wunsch liefern wir alle Pylonvarianten auch mit Sonderoberfl\u00e4chen z.B. in RAL lackiert oder in Edelstahl geschliffen aus.\u00a0Die Pylonprofile1\/2 sind Alu natur oder wir empfehlen farblich in RAL lackiert.<\/p>\n","protected":false},"excerpt":{"rendered":"<p>Werbe-Pylone f\u00fcr den Aussenbereich fertigen wir in allen Gr\u00f6\u00dfen und Formen. Wir haben die Pylon-Formate nach den jeweiligen \u00fcblichen verf\u00fcgbaren [&hellip;]<\/p>\n","protected":false},"author":1,"featured_media":0,"parent":0,"menu_order":0,"comment_status":"closed","ping_status":"closed","template":"","meta":{"_links_to":"","_links_to_target":""},"_links":{"self":[{"href":"https:\/\/pylone24.de\/index.php?rest_route=\/wp\/v2\/pages\/6680"}],"collection":[{"href":"https:\/\/pylone24.de\/index.php?rest_route=\/wp\/v2\/pages"}],"about":[{"href":"https:\/\/pylone24.de\/index.php?rest_route=\/wp\/v2\/types\/page"}],"author":[{"embeddable":true,"href":"https:\/\/pylone24.de\/index.php?rest_route=\/wp\/v2\/users\/1"}],"replies":[{"embeddable":true,"href":"https:\/\/pylone24.de\/index.php?rest_route=%2Fwp%2Fv2%2Fcomments&post=6680"}],"version-history":[{"count":18,"href":"https:\/\/pylone24.de\/index.php?rest_route=\/wp\/v2\/pages\/6680\/revisions"}],"predecessor-version":[{"id":6769,"href":"https:\/\/pylone24.de\/index.php?rest_route=\/wp\/v2\/pages\/6680\/revisions\/6769"}],"wp:attachment":[{"href":"https:\/\/pylone24.de\/index.php?rest_route=%2Fwp%2Fv2%2Fmedia&parent=6680"}],"curies":[{"name":"wp","href":"https:\/\/api.w.org\/{rel}","templated":true}]}}