{"id":6690,"date":"2014-01-28T15:03:57","date_gmt":"2014-01-28T14:03:57","guid":{"rendered":"https:\/\/pylone24.de\/?page_id=6690"},"modified":"2016-05-19T11:47:00","modified_gmt":"2016-05-19T09:47:00","slug":"beleuchtete-pylone","status":"publish","type":"page","link":"https:\/\/pylone24.de\/?page_id=6690","title":{"rendered":"Beleuchtete Pylone"},"content":{"rendered":"<p>Es gibt mehere M\u00f6glichkeiten Pylone und deren Werbebeschriftung zu beleuchten\u00a0oder deren Les- und Sichtbarkeit bei Nacht zu erm\u00f6glichen.<br \/>\nHier die Varianten kurz beschrieben:<br \/>\n<strong>Von unten beleuchtet\/angestrahlt:<\/strong><br \/>\nIn diesem Fall wird mittig vor dem Pylon im davorliegenden Bodenbereich ein Strahler positioniert. In der Regel wird hierf\u00fcr ein kleines Fundament ben\u00f6tigt um darauf den Aufbaustrahler zu positionieren.<br \/>\nDie Stromzuleitung muss ein entsprechendes abgesichertes und zugelassenes Erdkabel sein, dies ist fachgerecht und tief genug als Anschlusszuleitung im Erdreich einzubauen. Die Wahl des Strahlers kann vielf\u00e4ltig sein:<br \/>\na) Ein ordin\u00e4rer <strong>Halogenstrahler<\/strong> mit einfachen Geh\u00e4use mit entsprechener IP-Schutzklasse, die zwar g\u00fcnstig in der Anschaffung sind, aber bei der Ausleuchtung und dem Stromverbrauch eher nur bescheidene Ergebnisse liefern. Ab 300 W Anschlussleistung wirds dann langsam hell auf dem Schild, besser sind 500 W Halogenausleuchtung, je nach Schildgr\u00f6\u00dfe und Abstand zum Schild.<br \/>\nWir empfehlen andere, wirtschaftlichere Varianten wie folgt:<\/p>\n<p>b) Weit aus besser Ergebnisse bringt ein <strong>HQUI-Strahler,<\/strong> den es meist mit schicken Geh\u00e4use gibt. Es ist darauf zu achten, dass das notwendige Vorschaltger\u00e4t f\u00fcr das Leuchtmittel gleich im Stahler mit verbaut ist, denn sonst muss das Vorschaltger\u00e4t extra noch sep. besorgt und verbaut werden. Die Strahler sind eher mittelpreisig, erzeugen\u00a0aber schon mit einem 70W HQUI-Leuchtmittel eine recht helle Anleuchtung des Schildes.<br \/>\nMit 150 Watt HQUI haben Sie beachtliche Lichtwerte, auch f\u00fcr gro\u00dfe Pylone geeignet.<\/p>\n<p>c) Die <strong>LED-Strahler<\/strong> sind auf dem Vormarsch. Seit 2012 verbauen wir diese robust soliden und sparsamen\u00a0Strahler in formsch\u00f6nen Geh\u00e4use f\u00fcr die verschiedensten Werbeschild- und Beleuchtungsarten.<br \/>\nWir sind immer wieder erstaunt dar\u00fcber, wie ein 30 W LED-Leuchtmittel ein so sch\u00f6ne Ausleuchtung der Werbefl\u00e4che schafft.\u00a0Unser klarer Favorit.<br \/>\nDie vertr\u00e4glichen Anschaffungskosten sind sp\u00e4testens nach einem Jahr amortisiert.<br \/>\nJa, wir empfehlen LED!<\/p>\n<p>Alle Varianten a-c) sind Strahler die einen Halteb\u00fcgel haben und daran auf dem Boden auf dem kleinen Betonfundament montiert\/verd\u00fcbelt werden. Nachteil: Eis, Schnee und Geb\u00fcsch k\u00f6nnen den Strahler bedecken. Sofern dieser in einer Pflanzfl\u00e4che liegt, sollte der G\u00e4rtner bei der Gartenpflege sorgsam drum herum m\u00e4hen. Gleiches gilt beim Schneer\u00e4umen. Kinder, Hunde und sonstige 2- und 4- Beiner haben freien Zugang zum Strahler.<\/p>\n<p>d) Es gibt auch die M\u00f6glichkeit <strong>den Erdstrahler<\/strong> in dem Betonsockel einzubauen und zu versenken, so das lediglich eine runde, trittsichere Abdeckglasscheibe zu sehen ist, die mit der Fundamentfl\u00e4che nahezu plano\u00a0abschliesst.<br \/>\nF\u00fcr diese Art Strahler sollte Ihrerseits ein entsprechendes Budget vorhanden sein, da es nur wenige\u00a0solide Hersteller gibt, die trittsichere oder auch <strong>befahrbare Bodenstrahler<\/strong> mit einstellbaren Reflektor liefern.<\/p>\n<p><strong>Von oben beleuchtet\/angestrahlt:<br \/>\n<\/strong>e) Befestigung der <strong>Strahler an einem Auslegearm<\/strong> im oberen Bereich des Pylons.<br \/>\nNahezu alle Strahler die unter a &#8211; c \u00a0 erw\u00e4hnt wurden lassen sich auch an einem Auslegearm befestigen, der dann \u00fcber dem Pylon nach vorne herausragt um die Werbefl\u00e4che auszuleuchten. Hierf\u00fcr wird standardm\u00e4ssig ein Auslegearm bis zu L100 cm verbaut, der sich je nach Gestaltungs-\/Ausleuchtungswunsch auch bis auf 50 cm k\u00fcrzen l\u00e4st.\u00a0Bitte beachten Sie, je gr\u00f6\u00dfer der Abstand Strahler zur Pylonwerbefl\u00e4che, desto gr\u00f6\u00dfer\/breiter die Ausleuchtung. D.h., es kommt auch auf die Beschriftungsplazierung auf dem Pylon an, wo welcher Bereich\u00a0ausgeleuchtet werden soll.<br \/>\nEs ist auch abzukl\u00e4ren ob der Pylon lediglich 1-seitig oder 2-seitig beschriftet und beleuchtet wird.<br \/>\nDie jeweiligen Strahlervarianten k\u00f6nnen Sie bei uns wie oben beschrieben aussuchen.<\/p>\n<p>f) <strong>Pylonausleuchtung mit ganzfl\u00e4chig verbauten Leuchtelementen<\/strong>\u00a0mit innenliegender Beleuchtung.<br \/>\nIn solchen Leuchttransparenten wurden in der Vergangenheit meist Leuchtstoffr\u00f6hren verbaut, die Wartungsarm und leicht auszutauschen und zu erneuern sind. So ein Wechsel wird je nach Betriebszeit von ca. 8 Std. am Tag nach ca. 4 bis 6 Jahren\u00a0notwendig sein. Dies kann in der Regel der normale Hauselektriker ausf\u00fchren.<br \/>\nDie durchschnittliche Lebensdauer von Leuchtstoffr\u00f6hren im Aussenbereich liegt bei ca. 8.000 bis 12.000 Std., je nach Einschaltzeit und Umweltbelastung wie Frost und Hitze.<br \/>\nWartungsfreundlicher und langlebiger mit Werksangaben von ca. 50.000 Std. Lebensdauer und deutlich mehr, sind die Erfahrungswerte der LED-Hersteller und auch unsere, sofern die jeweils verbauten Vorschaltger\u00e4te \u00e4hnliche Werte erreichen. Die Verbrauchsleistung der LEDs liegen bei ca. 30% im Vergleich zur herk\u00f6mmlichen Leuchtstoffr\u00f6hre.<br \/>\nDaher wird ein Gro\u00dfteil der Pylone die beleuchtet werden mit LED-Beleuchtung hergestellt. Die Mehrkosten der LEDs sind in der Regel nach ca. 3 Jahren der Energieeinsparung wieder kompensiert, so das es sich durchaus lohnt dar\u00fcber nachzudenken.<br \/>\nDie oben beschriebene, ganzfl\u00e4chige Beleuchtungsvariante \u00a0wird mit jeweils Aluprofilrahmen verbaut und mit aufgesetzen opal weissen und beschrifteten Acrylhauben ausgestattet, die eine ganzfl\u00e4chige Ausleuchtung erm\u00f6glichen.<\/p>\n<p>g) Gegen Aufpreis kann auch ein <strong>bruchfester Kunststoff<\/strong> verwendet werden. Gerade an Vandalismus gef\u00e4hrdeten Aufstellorten ist ein sensibler Acrylglaspylon nicht die erste Wahl.<\/p>\n<p>h) Anstelle von Acrylglas k\u00f6nnen <strong>ganzfl\u00e4chige Ausleuchtungen<\/strong> auch <strong>mit der Spanntuchtechnik<\/strong> hergestellt werden. Der Vorteil der Spanntuchtechnik ist, das die Pylonfl\u00e4che nahtlos in einem St\u00fcck bespannt und beschriftet werden kann, was excellent ausschaut! Die Beleuchtung wird wie unter f) beschrieben ausgef\u00fchrt. Spanntuch-Pylone sollten an vandalismusfreien Orten verbaut werden.<\/p>\n<p>i) Auch eine <strong>partielle Ausleuchtung mit ausgefr\u00e4sten oder gelaserten Buchstaben \/ Logos,<\/strong> die aus der Pylonoberfl\u00e4che herausgetrennt werden und deren freiwerdende Oberfl\u00e4che durch gleich gro\u00df gefr\u00e4stes, zu durchleuchtendes Acrylglas eingesetzt wird, sorgen f\u00fcr exclusives Design und markieren technisch die oberen Marke der Pylon-Ausleuchtung und der Pylon-Fertigung.<\/p>\n<p>Viel schicker gehts dann im PylonBau nicht mehr, und ist nur noch durch eine Edelstahloberfl\u00e4che geschliffen\u00a0oder chrompoliert, die in Kombination mit ausgelaserten und kantenpolierten Acrylglas-Buchstaben von hinten mit LED durchleuchtet werden, zu \u00fcbertreffen.<\/p>\n<p>Wir bauen Ihnen jeden PylonTyp und freuen uns \u00fcber Ihre Herausforderung und Anfrage.<\/p>\n","protected":false},"excerpt":{"rendered":"<p>Es gibt mehere M\u00f6glichkeiten Pylone und deren Werbebeschriftung zu beleuchten\u00a0oder deren Les- und Sichtbarkeit bei Nacht zu erm\u00f6glichen. Hier die [&hellip;]<\/p>\n","protected":false},"author":1,"featured_media":0,"parent":0,"menu_order":0,"comment_status":"closed","ping_status":"closed","template":"","meta":{"_links_to":"","_links_to_target":""},"_links":{"self":[{"href":"https:\/\/pylone24.de\/index.php?rest_route=\/wp\/v2\/pages\/6690"}],"collection":[{"href":"https:\/\/pylone24.de\/index.php?rest_route=\/wp\/v2\/pages"}],"about":[{"href":"https:\/\/pylone24.de\/index.php?rest_route=\/wp\/v2\/types\/page"}],"author":[{"embeddable":true,"href":"https:\/\/pylone24.de\/index.php?rest_route=\/wp\/v2\/users\/1"}],"replies":[{"embeddable":true,"href":"https:\/\/pylone24.de\/index.php?rest_route=%2Fwp%2Fv2%2Fcomments&post=6690"}],"version-history":[{"count":8,"href":"https:\/\/pylone24.de\/index.php?rest_route=\/wp\/v2\/pages\/6690\/revisions"}],"predecessor-version":[{"id":6708,"href":"https:\/\/pylone24.de\/index.php?rest_route=\/wp\/v2\/pages\/6690\/revisions\/6708"}],"wp:attachment":[{"href":"https:\/\/pylone24.de\/index.php?rest_route=%2Fwp%2Fv2%2Fmedia&parent=6690"}],"curies":[{"name":"wp","href":"https:\/\/api.w.org\/{rel}","templated":true}]}}