{"id":837,"date":"2013-09-30T08:09:23","date_gmt":"2013-09-30T06:09:23","guid":{"rendered":"http:\/\/actionpromotion.de\/?page_id=837"},"modified":"2016-05-19T11:47:49","modified_gmt":"2016-05-19T09:47:49","slug":"produktepreise","status":"publish","type":"page","link":"https:\/\/pylone24.de\/?page_id=837","title":{"rendered":"Infos \u00fcber&#8230;."},"content":{"rendered":"<p>Herzlich willkommen auf unseren Infoseiten der<br \/>\npylone24.de \u00a0&#8211; Deutschlands Infoportal f\u00fcr Pylone von 100 bis 900 cm.<br \/>\nVon uns erhalten Sie Planung, Herstellung, Montage &#8211; alles aus einer Hand!<br \/>\nIdeal f\u00fcr Wiederverk\u00e4ufer, Werbeagenturen, Werbetechniker und Einkaufsabteilungen.<br \/>\nSie machen die Vorplanung wir k\u00fcmmern uns um die Technik,<br \/>\ndie Produktion bis zur Montage.<\/p>\n<p>In unserem Bereich<strong> Infos \u00fcber&#8230;.<\/strong> erhalten Sie alle Basis-Informationen der jeweiligen Pylon-Typen und Varianten.<br \/>\nIn unserem Bereich <strong>Shop<\/strong> finden Sie die Pylon-Varianten, Preise und Bestelloptionen.<\/p>\n<p>Die Pylontypen haben wir tafeloptimiert in den Breiten B100cm , B125cm und<br \/>\nB150 cm eingeteilt.\u00a0Die Pylonh\u00f6hen beginnen schon ab 100 cm bis 900 cm,<br \/>\nnat\u00fcrlich sind auch Sonderformate m\u00f6glich.\u00a0Wir bauen alles!<\/p>\n<p>Strahler, Beleuchtungseinheiten und Beschriftungen f\u00fcr Pylone k\u00f6nnen bei uns systemfertig<br \/>\ndazu gebucht werden und finden Sie mit anderen N\u00fctzlichem unter der Rubik <strong>Zubeh\u00f6r<\/strong>.<\/p>\n<p>Bei umfangreichen Pylon-Projekten k\u00f6nnen die Vorbereitungen und Anforderungen so zeitintensiv sein, das Sie die notwendigen Vorarbeiten nicht selber erledigen k\u00f6nnen. Dann helfen wir gerne weiter mit unseren Dienstleistungspaketen die wir unter <strong>Projektierung<\/strong> f\u00fcr Sie zusammengestellt haben.<br \/>\nSei es die Bauantragsstellung, die Anfahrt f\u00fcr die Vorortbesichtigung auf der Baustelle, das Beratungsgespr\u00e4ch f\u00fcr die Ausf\u00fchrung oder die statische Berechnung, in unserem Projektierungs-Bereich finden Sie alle Leistungen zu Pauschalpreisen zusammengestellt.<\/p>\n<p>Sollten Sie dar\u00fcber hinaus Fragen haben, dann senden Sie uns eine mail an<a title=\"Kontakt zu pylone24.de\" href=\"mailto:info@pylone24.de\" target=\"_blank\"> info@pylone24.de<\/a> mit Ihrer speziellen Anfrage, wir helfen gern!<\/p>\n<p>F\u00fcr allgemeine Fragen die auf unseren Infoseiten noch nicht beantwortet sind weis<br \/>\nunser <strong>ProfQ<\/strong>\u00a0Rat,\u00a0den Sie <strong>hier<\/strong> finden.<\/p>\n<p>Unsere Hotline ist t\u00e4glich von 7.00 bis 19.00 Uhr unter 0511\/9200 000 erreichbar.<\/p>\n","protected":false},"excerpt":{"rendered":"<p>Herzlich willkommen auf unseren Infoseiten der pylone24.de \u00a0&#8211; Deutschlands Infoportal f\u00fcr Pylone von 100 bis 900 cm. Von uns erhalten [&hellip;]<\/p>\n","protected":false},"author":4,"featured_media":0,"parent":0,"menu_order":0,"comment_status":"closed","ping_status":"closed","template":"","meta":{"_links_to":"","_links_to_target":""},"_links":{"self":[{"href":"https:\/\/pylone24.de\/index.php?rest_route=\/wp\/v2\/pages\/837"}],"collection":[{"href":"https:\/\/pylone24.de\/index.php?rest_route=\/wp\/v2\/pages"}],"about":[{"href":"https:\/\/pylone24.de\/index.php?rest_route=\/wp\/v2\/types\/page"}],"author":[{"embeddable":true,"href":"https:\/\/pylone24.de\/index.php?rest_route=\/wp\/v2\/users\/4"}],"replies":[{"embeddable":true,"href":"https:\/\/pylone24.de\/index.php?rest_route=%2Fwp%2Fv2%2Fcomments&post=837"}],"version-history":[{"count":8,"href":"https:\/\/pylone24.de\/index.php?rest_route=\/wp\/v2\/pages\/837\/revisions"}],"predecessor-version":[{"id":6632,"href":"https:\/\/pylone24.de\/index.php?rest_route=\/wp\/v2\/pages\/837\/revisions\/6632"}],"wp:attachment":[{"href":"https:\/\/pylone24.de\/index.php?rest_route=%2Fwp%2Fv2%2Fmedia&parent=837"}],"curies":[{"name":"wp","href":"https:\/\/api.w.org\/{rel}","templated":true}]}}