{"id":840,"date":"2013-09-30T08:10:06","date_gmt":"2013-09-30T06:10:06","guid":{"rendered":"http:\/\/actionpromotion.de\/?page_id=840"},"modified":"2016-10-05T19:03:52","modified_gmt":"2016-10-05T17:03:52","slug":"projektierung","status":"publish","type":"page","link":"https:\/\/pylone24.de\/?page_id=840","title":{"rendered":"Projektierung"},"content":{"rendered":"<p><strong>Was eigentlich ist ein Projekt?<\/strong><br \/>\nEin Projekt ist was f\u00fcr Unternehmer die was unternehmen!<\/p>\n<p>Die Ausgangsbasis:\u00a0\u00a0 <strong>Sie haben eine Idee!<\/strong><br \/>\nErstmal ist es nur ein Gedanke in Ihrem Kopf, der umher geistert.<br \/>\nDoch was kommt dann?<br \/>\nWenn Ihre ersten Gedanken sortiert sind und fest steht, das aus Ihrer Idee<br \/>\nnun eine\u00a0Produktion erfolgen soll, ist es meist notwendig, sich mit der<br \/>\nUmsetzung dieses Vorhabens n\u00e4her zu besch\u00e4ftigt.<\/p>\n<p><strong>Nur dann entstehen\u00a0Fakten und Ergebnisse<\/strong>\u00a0wie die Realisierung<br \/>\nIhrer Vision aussehen kann und was die Umsetzung Ihrer Idee und die<br \/>\nnotwendige technischen Produktion final kosten wird.<\/p>\n<p><strong>Nun gibt es f\u00fcr Sie 2 M\u00f6glichkeiten Ihr Projektziel zu erreichen:<\/strong><br \/>\nVersion a) oder b), Sie haben stets die Wahl.<br \/>\n<strong>a) Sie bearbeiten den Vorgang m\u00f6glichst selber ab<\/strong>, um genau zum<br \/>\ngew\u00fcnschten Ergebnis zu\u00a0kommen,\u00a0sofern Sie das Wissen und die technischen<br \/>\nVoraussetzungen daf\u00fcr haben. Oder,<br \/>\nSie deligieren den Job intern bei sich im Unternehmen, nach dem Motto<br \/>\n\u201c\u2026das kriegen wir schon irgendwie hin\u2026\u201d. \u00a0Evtl. werden Sie mit\u00a0Hilfe<br \/>\nvon viel Zeiteinsatz und Ausprobieren brauchbare Ergebnis produzieren,<br \/>\noder auch nicht. Aber vermutlich googlen Sie und informieren sich,<br \/>\nvielleicht sind Sie auch so auf unsere webseite gestossen.\u00a0Wir helfen gern!<\/p>\n<p><strong>Bei uns werden Sie auch ohne externe Projektierung schnell in unserem<br \/>\nShop f\u00fcndig. Sie suchen sich einfach alles selbst zusammen was<br \/>\nben\u00f6tigt wird und packen die vorbereiteten\u00a0Shop-Produkte,<br \/>\ndie alle modular aufgebaut sind, nach und nach in den Warenkorb.<br \/>\nDas ist schnell und g\u00fcnstig!<br \/>\n<\/strong>oder, Ihr Vorhaben ist doch etwas komplexer oder indvidueller?,<br \/>\ndann wird vermutlich Variante b) zutreffen:<\/p>\n<p><strong>b) Sie suchen sich einen Projektierer,<\/strong> der Ihrer Aufgabe gerecht wird.<br \/>\nDenn irgend jemand wird und muss sich weitere konzeptionelle Gedanken<br \/>\nmachen, Ihr Projekt soweit vorzubereiten, das die sp\u00e4tere technische,<br \/>\nnotwendige und praktische Umsetzung Ihren finalen Zielen entspricht.<\/p>\n<p><strong>Genau an dieser Stelle sind wir nun bei der PROJEKTIERUNG angekommen.<\/strong><\/p>\n<p><strong>Wir projektieren und optimieren Ihr Projekt.<\/strong><br \/>\nSie wollen auf Nummer sicher gehen, Ihre wertvolle Arbeitszeit f\u00fcr wichtigeres<br \/>\neinsetzen und die Planung und Umsetzung der Projektidee<br \/>\nin erfahrene H\u00e4nde geben, so das Ihr Projekt nicht irgendwie entsteht,<br \/>\nsondern das auch die Zielsetzung erreicht wird, die von Ihnen gew\u00fcnscht ist!<\/p>\n<p><strong>Dann w\u00e4re es notwendig, diese externe Projektierung in Auftrag zu geben.<\/strong><br \/>\nWir erledigen den Planungsjob, die Vorentw\u00fcrfe, die Untersuchung<br \/>\nder Gegebenheiten vor Ort, die technischen, baulichen und notwendigen<br \/>\nVoraussetzungen und denken an alle Auflagen, die zu erf\u00fcllen sind.<br \/>\nDas muss gar nicht mal teuer werden, dann sparen Sie nicht nur viel Zeit,<br \/>\nsondern final auch viel Geld!<br \/>\nDenn wir wissen genau, wie\u00a0die technischen Anforderungen auszuf\u00fchren sind,<br \/>\nwie die Projekte erfolgreich, schnell und wirtschaftlich zum Ziel gelangen!<\/p>\n<p><strong>Die Projektierungskosten sind dann sehr fix wieder eingespielt!<\/strong><br \/>\na) weil Ihr Projekt z\u00fcgig fertig wird<br \/>\nb) weil Sie Ihre wertvolle Arbeitszeit f\u00fcr Wichtigeres besser nutzen konnten<br \/>\nc) weil gleich von Anfang an einen Profi an Ihrer Seite die Aufgabe verbindlich l\u00f6st<br \/>\nd) weil Sie sich irgendwelche, selbst gestrickten Fehlversuche ersparen<br \/>\ne) weil Sie nichts doppelt zahlen, da das Ergebnis gleich von vorne rein passt<br \/>\nf) weil es einfach einfacher ist und Sie nur noch das Controlling machen<br \/>\ng) weil die Kosten von vornerein \u00fcberschau sind und<br \/>\nh) weil eine Projektierung und gleichzeitig auch Optimierung ist<br \/>\ni) weil es gleich von vorne rein die richtige Qualit\u00e4t hat und<br \/>\nj) weil auch die angrenzende Facharbeiten schnell und kompetent erledigt werden!<\/p>\n<p>Das erspart Ihnen\u00a0weitere sep. Dienstleister, die Sie sonst extra hinzu buchen<br \/>\nm\u00fcssten.<br \/>\n<strong>Bei uns bekommen Sie Ihre Idee<\/strong> in einer optimierten Variante,<br \/>\nkomplett mit Projektierung und Produktion,<strong> nahtlos aus einer Hand!<br \/>\nWirtschaftlicher und schneller geht es nicht!<\/strong><\/p>\n<p>Neugierig geworden? Dann buchen Sie doch einfach unsere<br \/>\n<a title=\"Buchen Sie hier die Projektierungspauschale!\" href=\"https:\/\/pylone24.de\/?product_cat=projektierung-diverse-dienstleistungen-zur-ausfuehrungsoptimierung\" target=\"_blank\"><strong>Projektierungs-Pauschale<\/strong>.<\/a><br \/>\nSo erhalten Sie kompetente Beratung, gleich von Anfang an<br \/>\nund beginnen Ihr Projekt\u00a0sofort\u00a0professionell,<br \/>\nund das auch noch\u00a0zum \u00fcberschaubaren Festpreis!<\/p>\n<p><strong><span class=\"Apple-style-span\" style=\"font-size: 16px; line-height: 24px;\">Eine ansprechende Pylon-Erstellung ist ein wichtiger Schritte,<br \/>\num Ihr Unternehmen der \u00d6ffentlichkeit zu pr\u00e4sentieren.<br \/>\n<\/span><\/strong><span class=\"Apple-style-span\" style=\"font-size: 16px; line-height: 24px; font-weight: normal;\">Dies sollte in einem angemessenen Rahmen und repr\u00e4sentativer Gr\u00f6\u00dfe, zu den jeweiligen Unternehmen, passend mit hoher Werbewirkung, statt finden.<\/span><\/p>\n<p>Ein Pylon sollte markant an einer gut sichtbaren Position plaziert werden.<br \/>\nJe nach Gr\u00f6\u00dfe des Unternehmens\u00a0und deren Kommunikationsinhalte<br \/>\n(notwendige Werbeaussagen auf der Werbefl\u00e4che des Pylons), kann dieser in H\u00f6he und Breite individuell Ihren W\u00fcnschen angepasst werden.<\/p>\n<p>F\u00fcr Pylon-Standorte, die besonders auff\u00e4llig auch zur Abend\/Nachtzeit wirken sollen, eigenen sich beleuchtete\u00a0Pylone hervorragend.<br \/>\nDieses k\u00f6nnen von aussen angestrahlt werden,<br \/>\n&#8211; entweder mit Bodenstrahler, der vor dem Pylon plaziert wird, diesen von unten nach oben ausleuchtet<br \/>\noder<br \/>\n&#8211; mit Auslegearmstrahler, der den Pylon von oben nach unten ausleuchtet.<br \/>\nBeide Beleuchtungsarten eigenen sich f\u00fcr Pylone bis ca. \u00a0400\/500 cm H\u00f6he, oder Sie kombinieren beide Beleuchtungsvarianten und k\u00f6nnen so auch H 600\/700cm oder gr\u00f6\u00dfere Pylone ausleuchten.<\/p>\n<p>Pylone lassen sich auch von innen nach aussen ausleuchten oder mit hochwertigen Edelstahlfl\u00e4chen oder ausgelaserten Schriftapplikationen verkleiden, um Image- und Designbotschaften zu transportieren.<br \/>\n<strong>Egal welche Pylonvariante Sie w\u00fcnschen, wir bauen Ihren Pylon <\/strong><br \/>\n<strong>&#8222;schl\u00fcsselfertig + europaweit&#8220; auf.<\/strong><\/p>\n<p>Pylon-Projekte m\u00fcssen sorgf\u00e4ltig geplant werden.<br \/>\nDie ersten Vorentw\u00fcrfe, die Plazierung vor Ort auf dem jeweiligen Boden\/Untergrund, der Nachweis der Standfestigkeit mit Statik f\u00fcr Pylon und Fundament bis hin zur Bauantragsstellung und Werkszeichnung f\u00fcr die Fertigung,\u00a0unsere Fachabteilung unterst\u00fctzt Sie gerne bei umfangreichen Projektierungen und weis immer einen Rat.<\/p>\n<p>Bei umfangreichen Pylonprojekten mit meheren Nutzern oder an markanten Standorten ist die Vorab-Darstellung, Visualisierung und Planung ein wichtiger Schritt, das Idealformat in Pylon-H\u00f6he\/Breite\/Anordnung der Werbefl\u00e4chen zu definieren.<br \/>\n<strong>Wir unterst\u00fctzen Sie gerne bei der Projektierung und k\u00fcmmern uns um alle Formalit\u00e4ten &#8211; vom Entwurf bis zur betriebsbereiten Montage.<\/strong><\/p>\n<p>Und wenn Sie noch weitere Hinweisschilder, Werbebanner, Dachwerbung, Leuchttransparente und sonstige Buchstaben und Schildsysteme ben\u00f6tigen, wir beschriften alles und in jeder Gr\u00f6\u00dfe \u2013 bundesweit, g\u00fcnstig und in k\u00fcrzester Zeit!<br \/>\nBesuchen Sie auch unsere Division: <strong><a title=\"Alles rund um die Werbetechnik.\" href=\"https:\/\/www.citmax.de\" target=\"_blank\">www.citmax.de<\/a><\/strong><\/p>\n","protected":false},"excerpt":{"rendered":"<p>Was eigentlich ist ein Projekt? Ein Projekt ist was f\u00fcr Unternehmer die was unternehmen! Die Ausgangsbasis:\u00a0\u00a0 Sie haben eine Idee! [&hellip;]<\/p>\n","protected":false},"author":4,"featured_media":0,"parent":0,"menu_order":0,"comment_status":"closed","ping_status":"closed","template":"","meta":{"_links_to":"","_links_to_target":""},"_links":{"self":[{"href":"https:\/\/pylone24.de\/index.php?rest_route=\/wp\/v2\/pages\/840"}],"collection":[{"href":"https:\/\/pylone24.de\/index.php?rest_route=\/wp\/v2\/pages"}],"about":[{"href":"https:\/\/pylone24.de\/index.php?rest_route=\/wp\/v2\/types\/page"}],"author":[{"embeddable":true,"href":"https:\/\/pylone24.de\/index.php?rest_route=\/wp\/v2\/users\/4"}],"replies":[{"embeddable":true,"href":"https:\/\/pylone24.de\/index.php?rest_route=%2Fwp%2Fv2%2Fcomments&post=840"}],"version-history":[{"count":16,"href":"https:\/\/pylone24.de\/index.php?rest_route=\/wp\/v2\/pages\/840\/revisions"}],"predecessor-version":[{"id":13587,"href":"https:\/\/pylone24.de\/index.php?rest_route=\/wp\/v2\/pages\/840\/revisions\/13587"}],"wp:attachment":[{"href":"https:\/\/pylone24.de\/index.php?rest_route=%2Fwp%2Fv2%2Fmedia&parent=840"}],"curies":[{"name":"wp","href":"https:\/\/api.w.org\/{rel}","templated":true}]}}