{"id":12276,"date":"2015-03-23T09:29:03","date_gmt":"2015-03-23T08:29:03","guid":{"rendered":"https:\/\/pylone24.de\/?post_type=product&#038;p=12276"},"modified":"2015-03-23T09:29:03","modified_gmt":"2015-03-23T08:29:03","slug":"beta-70150-w-hquihalogen-breit-strahler-silber","status":"publish","type":"product","link":"https:\/\/pylone24.de\/?product=beta-70150-w-hquihalogen-breit-strahler-silber","title":{"rendered":"BETA 70\/150 W HQUI\/Halogen-Breit-Strahler, silber"},"content":{"rendered":"<p>Ein sehr schicker Design-Strahler aus Italien. Durch sein Breitstrahl-Spiegelgeh\u00e4use hat er eine besonders breite Abstrahlung, die erm\u00f6glicht, mit einem kurzem Auslegearm das Werbeschild breit auszuleuchten.<br \/>\nErh\u00e4ltlich in 4 Sorten!! mit 70W oder 150 W Halogen f\u00fcr mittelstarke Helligkeit.<br \/>\nWer mehr Power m\u00f6chte bestellt den 70W oder 150 W HQUI- Variante f\u00fcr weisses helles Licht!<\/p>\n<p>BETA eignet sich hervorragend zur Ausleuchtung von mittleren Werbefl\u00e4chen bis zu 6 qm. Bei gr\u00f6\u00dferen Werbefl\u00e4chen empfehlen wir 2 oder 4 stck. je nach Schildformat.<\/p>\n<p><strong>Achtung:<\/strong>\u00a0nur bei der HQUI-Variante muss ein sep. Vorschaltger\u00e4t mit dazu bestellt werden!<br \/>\nDie hier angebotenen Strahler sind ohne Leuchtmittel!<br \/>\nDer Strahler ist bauseits an eine abgesicherte Elt.-Zuleitung anzuschliessen.<br \/>\nDie Strahler erhalten Sie in weiss, schwarz oder silber!<\/p>\n<p>Bitte Ihre Auswahl beim Bestelltext dazu schreiben!<br \/>\nAlle Strahler haben den gleichen Preis immer zzgl. Leuchtmittel.<br \/>\nBei der Hqui-Variante \u00a0immer zzgl. Vorschaltger\u00e4t.<\/p>\n","protected":false},"excerpt":{"rendered":"<p>70\/150 W Halogen oder HQUI-Strahler nach Wunsch, mit Montagefu\u00df, immer ohne Leuchtmittel,<br \/>\nbei HQUI-Strahler ohne Vorschaltger\u00e4t (bitte extra ausw\u00e4hlen),\u00a0in 3 m\u00f6glichen Farben (weiss\/silber\/schwarz) nach Wahl, bitte bei Bestellung angeben.<br \/>\n<strong>W\u00e4hlen Sie: schwarzes Auswahlfeld anklicken,<br \/>\n<\/strong><strong>Auswahl nach und nach in den Warenkorb packen.<\/strong><\/p>\n","protected":false},"featured_media":12252,"comment_status":"closed","ping_status":"closed","template":"","meta":{"_links_to":"","_links_to_target":""},"product_cat":[647],"product_tag":[],"_links":{"self":[{"href":"https:\/\/pylone24.de\/index.php?rest_route=\/wp\/v2\/product\/12276"}],"collection":[{"href":"https:\/\/pylone24.de\/index.php?rest_route=\/wp\/v2\/product"}],"about":[{"href":"https:\/\/pylone24.de\/index.php?rest_route=\/wp\/v2\/types\/product"}],"replies":[{"embeddable":true,"href":"https:\/\/pylone24.de\/index.php?rest_route=%2Fwp%2Fv2%2Fcomments&post=12276"}],"wp:featuredmedia":[{"embeddable":true,"href":"https:\/\/pylone24.de\/index.php?rest_route=\/wp\/v2\/media\/12252"}],"wp:attachment":[{"href":"https:\/\/pylone24.de\/index.php?rest_route=%2Fwp%2Fv2%2Fmedia&parent=12276"}],"wp:term":[{"taxonomy":"product_cat","embeddable":true,"href":"https:\/\/pylone24.de\/index.php?rest_route=%2Fwp%2Fv2%2Fproduct_cat&post=12276"},{"taxonomy":"product_tag","embeddable":true,"href":"https:\/\/pylone24.de\/index.php?rest_route=%2Fwp%2Fv2%2Fproduct_tag&post=12276"}],"curies":[{"name":"wp","href":"https:\/\/api.w.org\/{rel}","templated":true}]}}