{"id":13090,"date":"2015-09-02T13:17:15","date_gmt":"2015-09-02T11:17:15","guid":{"rendered":"https:\/\/pylone24.de\/?post_type=product&#038;p=13090"},"modified":"2019-10-11T09:40:46","modified_gmt":"2019-10-11T07:40:46","slug":"p25-kaschieren-naehen-kleben-bearbeiten-etc-2","status":"publish","type":"product","link":"https:\/\/pylone24.de\/?product=p25-kaschieren-naehen-kleben-bearbeiten-etc-2","title":{"rendered":"P25: Kaschieren, N\u00e4hen, Kleben, Bearbeiten, etc. &#8230;"},"content":{"rendered":"<p><strong>Ihre Division l\u00f6st auch spezielle Konfektionierungsarbeiten.<\/strong><br \/>\nIn der Praxis gibt es ganz unterschiedliche Anforderungen die manchmal mit dem Standardartikel nicht zu erfassen sind. Dann wird immer eine speziell Konfektionierung nach Stundenaufwand m\u00f6glich, die zwischen Ihnen und dem dem\u00a0Projekt-Profi vom Zeitumfang abzustimmen ist.<br \/>\nBriefen Sie m\u00f6glichst informativ alle wichtigen Detailaufgaben die gel\u00f6st und bearbeitet werden m\u00fcssen, desto genauer werden die Konfektionierungszeiten, die vom\u00a0Projekt-Profi erfasst und mit Ihnen gemeinsam abgestimmt werden.<br \/>\nF\u00fcr manche Berarbeitung gibt es vorkalkulierte Pauschalen, aber vielfach ist eine individuelle genaue Einsch\u00e4tzung notwendig, um den Bearbeitungsaufwand richtig zu erfassen.<\/p>\n<p>Die Division unterst\u00fctzt Sie wirkungsvoll und entlastet Ihren Betrieb, in dem wir mit DivisionsPower viele kleine Handgriffe und Anarbeitungen \u00fcbernehmen.<br \/>\n<strong>Das Divisions-Team freut sich auf Ihre Anfrage und Herausforderung.<\/strong><\/p>\n","protected":false},"excerpt":{"rendered":"<p><strong>Konfektionierung als Pauschalaufgabe<\/strong>\u00a0oder<br \/>\n<strong>individuell nach Zeitkontingent.<br \/>\n<\/strong>Dann einfach die notwendigen\u00a0Stunden in der Anzahl gem\u00e4\u00df<br \/>\nAbstimmung mit dem Projekt-Profi erfassen<br \/>\nund im Warenkorb zusammenf\u00fcgen.<strong><br \/>\nW\u00e4hlen Sie: schwarzes Auswahlfeld anklicken,<br \/>\n<\/strong><strong>Auswahl nach und nach in den Warenkorb packen.<\/strong><\/p>\n","protected":false},"featured_media":13107,"comment_status":"closed","ping_status":"closed","template":"","meta":{"_links_to":"","_links_to_target":""},"product_cat":[566],"product_tag":[],"_links":{"self":[{"href":"https:\/\/pylone24.de\/index.php?rest_route=\/wp\/v2\/product\/13090"}],"collection":[{"href":"https:\/\/pylone24.de\/index.php?rest_route=\/wp\/v2\/product"}],"about":[{"href":"https:\/\/pylone24.de\/index.php?rest_route=\/wp\/v2\/types\/product"}],"replies":[{"embeddable":true,"href":"https:\/\/pylone24.de\/index.php?rest_route=%2Fwp%2Fv2%2Fcomments&post=13090"}],"wp:featuredmedia":[{"embeddable":true,"href":"https:\/\/pylone24.de\/index.php?rest_route=\/wp\/v2\/media\/13107"}],"wp:attachment":[{"href":"https:\/\/pylone24.de\/index.php?rest_route=%2Fwp%2Fv2%2Fmedia&parent=13090"}],"wp:term":[{"taxonomy":"product_cat","embeddable":true,"href":"https:\/\/pylone24.de\/index.php?rest_route=%2Fwp%2Fv2%2Fproduct_cat&post=13090"},{"taxonomy":"product_tag","embeddable":true,"href":"https:\/\/pylone24.de\/index.php?rest_route=%2Fwp%2Fv2%2Fproduct_tag&post=13090"}],"curies":[{"name":"wp","href":"https:\/\/api.w.org\/{rel}","templated":true}]}}