{"id":13108,"date":"2015-09-02T13:24:14","date_gmt":"2015-09-02T11:24:14","guid":{"rendered":"https:\/\/pylone24.de\/?post_type=product&#038;p=13108"},"modified":"2016-11-09T18:07:23","modified_gmt":"2016-11-09T17:07:23","slug":"p23-verpackung-versand-palettierung-2","status":"publish","type":"product","link":"https:\/\/pylone24.de\/?product=p23-verpackung-versand-palettierung-2","title":{"rendered":"P23: Verpackung, Versand, Palettierung"},"content":{"rendered":"<p><strong>Die Divisionen liefern deutschlandweit schnell und g\u00fcnstig.<\/strong><br \/>\nBei Gro\u00dfwerbeanlagen erfolgt die Auslieferung mit dem Montageteam sowie per Lieferfahrzeug\/Anh\u00e4nger \/ LKW oder mittels Spezialtransport, siehe\u00a0<strong>P12<\/strong>.<br \/>\nKleinwerbung sowie versandf\u00e4hige Schilder\/Beschriftungen\/Artikel werden entsprechend wirtschaftlich verpackt und zum Selbstkostenreis zu Ihnen versendet.<br \/>\nOb mit Spedition, DHL, GLS oder UPS oder anderen Versanddienstleistern ist je nach Region, Gewicht\/Umfang und Verpackungsaufwand vom\u00a0Projekt-Profi und Ihnen gemeinsam abzuw\u00e4gen.<br \/>\nMit Hilfe diesen umfassenden Lieferservice k\u00f6nnen Sie g\u00fcnstig Divisions-Produkte \u00fcberall, schnell und wirtschaftlich erhalten.<br \/>\nW\u00e4hlen Sie die geeignete Versandart oder die Direktauslieferung mit Fahrer unter\u00a0<strong>P1<\/strong>\u00a0und\/oder\u00a0<strong>P12<\/strong>\u00a0aus.<\/p>\n","protected":false},"excerpt":{"rendered":"<p>Pauschalen f\u00fcr Versand und Verpackung nach Standardma\u00dfen zzgl. Sonderleistung zum Versand,<br \/>\ndie mit Ihrem\u00a0Projekt-Profi mit Ihnen abgestimmt wird.<strong><br \/>\nW\u00e4hlen Sie: schwarzes Auswahlfeld anklicken,<\/strong><br \/>\n<strong>Auswahl nach und nach in den Warenkorb packen.<\/strong><\/p>\n","protected":false},"featured_media":13125,"comment_status":"closed","ping_status":"closed","template":"","meta":{"_links_to":"","_links_to_target":""},"product_cat":[566],"product_tag":[],"_links":{"self":[{"href":"https:\/\/pylone24.de\/index.php?rest_route=\/wp\/v2\/product\/13108"}],"collection":[{"href":"https:\/\/pylone24.de\/index.php?rest_route=\/wp\/v2\/product"}],"about":[{"href":"https:\/\/pylone24.de\/index.php?rest_route=\/wp\/v2\/types\/product"}],"replies":[{"embeddable":true,"href":"https:\/\/pylone24.de\/index.php?rest_route=%2Fwp%2Fv2%2Fcomments&post=13108"}],"wp:featuredmedia":[{"embeddable":true,"href":"https:\/\/pylone24.de\/index.php?rest_route=\/wp\/v2\/media\/13125"}],"wp:attachment":[{"href":"https:\/\/pylone24.de\/index.php?rest_route=%2Fwp%2Fv2%2Fmedia&parent=13108"}],"wp:term":[{"taxonomy":"product_cat","embeddable":true,"href":"https:\/\/pylone24.de\/index.php?rest_route=%2Fwp%2Fv2%2Fproduct_cat&post=13108"},{"taxonomy":"product_tag","embeddable":true,"href":"https:\/\/pylone24.de\/index.php?rest_route=%2Fwp%2Fv2%2Fproduct_tag&post=13108"}],"curies":[{"name":"wp","href":"https:\/\/api.w.org\/{rel}","templated":true}]}}