{"id":13126,"date":"2015-09-02T13:29:43","date_gmt":"2015-09-02T11:29:43","guid":{"rendered":"https:\/\/pylone24.de\/?post_type=product&#038;p=13126"},"modified":"2019-10-11T09:33:41","modified_gmt":"2019-10-11T07:33:41","slug":"p21-elektroservice-elektro-anschl-von-werbeanlagen-2","status":"publish","type":"product","link":"https:\/\/pylone24.de\/?product=p21-elektroservice-elektro-anschl-von-werbeanlagen-2","title":{"rendered":"P21: Elektroservice, Elektro-Anschl. von Werbeanlagen"},"content":{"rendered":"<p>Leuchtwerbung, Lampen, Strahler u.s.w. ben\u00f6tigen zum Anschluss meist eine Stromzuleitung.<br \/>\nEntweder ist diese schon mit ausreichender Dimensionierung an der richtigen Stelle vor Ort, oder es muss erst noch ein entsprechendes Elt.-Kabel vor Ort verlegt werden. Alle Vorarbeiten werden nach Wunsch betriebsbereit durchgef\u00fchrt, incl. das Anschliessen durch einen erfahren Elektromeister.<br \/>\nBauseits ist daf\u00fcr vor Ort eine ausreichend abgesicherte Elt-Zuleitung zur Verf\u00fcgung zu stellen,\u00a0oder die Division pr\u00fcft und f\u00fchrt die notwendigen Installationen nach Aufwand durch. Zur Optimierung k\u00f6nnen die Lichtwerbeanlagen z.B. mit Bewegungsmelder, D\u00e4mmerungsschalter und\/oder Zeitschaltuhr gesteuert werden, das senkt die Betriebskosten.<br \/>\nSprechen Sie mit Ihrem\u00a0Projekt-Profi und optimieren Sie Ihre Werbeanlage.<\/p>\n","protected":false},"excerpt":{"rendered":"<p>Elektrodienstleistung nach Auswahl. Kleimaterial und Sonderleistung nach Aufwand.<strong><br \/>\nW\u00e4hlen Sie: schwarzes Auswahlfeld anklicken,<\/strong><br \/>\n<strong>Auswahl nach und nach in den Warenkorb packen.<\/strong><\/p>\n","protected":false},"featured_media":13142,"comment_status":"closed","ping_status":"closed","template":"","meta":{"_links_to":"","_links_to_target":""},"product_cat":[566],"product_tag":[],"_links":{"self":[{"href":"https:\/\/pylone24.de\/index.php?rest_route=\/wp\/v2\/product\/13126"}],"collection":[{"href":"https:\/\/pylone24.de\/index.php?rest_route=\/wp\/v2\/product"}],"about":[{"href":"https:\/\/pylone24.de\/index.php?rest_route=\/wp\/v2\/types\/product"}],"replies":[{"embeddable":true,"href":"https:\/\/pylone24.de\/index.php?rest_route=%2Fwp%2Fv2%2Fcomments&post=13126"}],"wp:featuredmedia":[{"embeddable":true,"href":"https:\/\/pylone24.de\/index.php?rest_route=\/wp\/v2\/media\/13142"}],"wp:attachment":[{"href":"https:\/\/pylone24.de\/index.php?rest_route=%2Fwp%2Fv2%2Fmedia&parent=13126"}],"wp:term":[{"taxonomy":"product_cat","embeddable":true,"href":"https:\/\/pylone24.de\/index.php?rest_route=%2Fwp%2Fv2%2Fproduct_cat&post=13126"},{"taxonomy":"product_tag","embeddable":true,"href":"https:\/\/pylone24.de\/index.php?rest_route=%2Fwp%2Fv2%2Fproduct_tag&post=13126"}],"curies":[{"name":"wp","href":"https:\/\/api.w.org\/{rel}","templated":true}]}}