{"id":13143,"date":"2015-09-02T13:35:49","date_gmt":"2015-09-02T11:35:49","guid":{"rendered":"https:\/\/pylone24.de\/?post_type=product&#038;p=13143"},"modified":"2019-10-11T09:37:41","modified_gmt":"2019-10-11T07:37:41","slug":"p24-expresskosten-eilzuschlaege-nachtarbeit-2","status":"publish","type":"product","link":"https:\/\/pylone24.de\/?product=p24-expresskosten-eilzuschlaege-nachtarbeit-2","title":{"rendered":"P24: Expresskosten, Eilzuschl\u00e4ge, Nachtarbeit"},"content":{"rendered":"<p><strong>Ganz schnell? Von heute auf morgen? Im Eilverfahren? Warum nicht!!<\/strong><br \/>\nBei den Divisionen finden Sie hochmotivierte Dienstleister und Produktioner die auch ungew\u00f6hnliche Terminw\u00fcnsche realisieren.<br \/>\nEntsprechend dem Auftrag und den dazu notwendigen, technischen M\u00f6glichkeiten k\u00f6nnen Sie hier das Personal nicht nur f\u00fcr den normalen Tagesdienst, sondern auch f\u00fcr die gew\u00fcnschte \u00dcberstunden und Nachtschichten zu Pauschalbetr\u00e4gen dazu buchen. Sie entscheiden \u00fcber den Termin und den notwendigen m\u00f6glichen Aufwand &#8211; Ihre Division steht parat und realisiert.<br \/>\n<strong>Kontaktieren Sie Ihren\u00a0Projekt-Profi und legen Sie alle Job- und Terminprozesse fest.<\/strong><br \/>\nNach Pr\u00fcfung der Realisierbarkeit wird das notwendige Zeitkontingent zum Job einfach von Ihnen dazu gebucht, so das Ihr Terminwunsch gem\u00e4\u00df Abstimmung erreicht werden kann.<br \/>\nIhr\u00a0Projekt-Profi ist dann sofort 24\/7 f\u00fcr Sie mobil erreichbar, so das Sie zu jeder Tag\/Nachzeit den\u00a0Bearbeitungsstand und Fortgang abfragen k\u00f6nnen und stets informiert sind.<br \/>\nSollten Sie zus\u00e4tzliche Eilbearbeitung w\u00fcnschen, kann das Express-Realisierungskonzept mit dem\u00a0Projekt-Profi selbstverst\u00e4ndlich neu abgeglichen werden.<\/p>\n","protected":false},"excerpt":{"rendered":"<p>Eilzustellung, Expressversand, \u00dcberstunden und Nachtpauschalen nach Wahl.<strong><br \/>\nW\u00e4hlen Sie: schwarzes Auswahlfeld anklicken,<\/strong><br \/>\n<strong>Auswahl nach und nach in den Warenkorb packen.<\/strong><\/p>\n","protected":false},"featured_media":13159,"comment_status":"closed","ping_status":"closed","template":"","meta":{"_links_to":"","_links_to_target":""},"product_cat":[566],"product_tag":[],"_links":{"self":[{"href":"https:\/\/pylone24.de\/index.php?rest_route=\/wp\/v2\/product\/13143"}],"collection":[{"href":"https:\/\/pylone24.de\/index.php?rest_route=\/wp\/v2\/product"}],"about":[{"href":"https:\/\/pylone24.de\/index.php?rest_route=\/wp\/v2\/types\/product"}],"replies":[{"embeddable":true,"href":"https:\/\/pylone24.de\/index.php?rest_route=%2Fwp%2Fv2%2Fcomments&post=13143"}],"wp:featuredmedia":[{"embeddable":true,"href":"https:\/\/pylone24.de\/index.php?rest_route=\/wp\/v2\/media\/13159"}],"wp:attachment":[{"href":"https:\/\/pylone24.de\/index.php?rest_route=%2Fwp%2Fv2%2Fmedia&parent=13143"}],"wp:term":[{"taxonomy":"product_cat","embeddable":true,"href":"https:\/\/pylone24.de\/index.php?rest_route=%2Fwp%2Fv2%2Fproduct_cat&post=13143"},{"taxonomy":"product_tag","embeddable":true,"href":"https:\/\/pylone24.de\/index.php?rest_route=%2Fwp%2Fv2%2Fproduct_tag&post=13143"}],"curies":[{"name":"wp","href":"https:\/\/api.w.org\/{rel}","templated":true}]}}