{"id":13175,"date":"2015-09-02T13:49:29","date_gmt":"2015-09-02T11:49:29","guid":{"rendered":"https:\/\/pylone24.de\/?post_type=product&#038;p=13175"},"modified":"2016-11-09T18:02:52","modified_gmt":"2016-11-09T17:02:52","slug":"p20-erdarbeiten-schachten-fundamentbau-baugeraete-2","status":"publish","type":"product","link":"https:\/\/pylone24.de\/?product=p20-erdarbeiten-schachten-fundamentbau-baugeraete-2","title":{"rendered":"P20: Erdarbeiten, Schachten, Fundamentbau, Bauger\u00e4te"},"content":{"rendered":"<p>Nahezu alle Werbeanlagen im Aussenbereich werden oftmals fest im Boden verankert, um standsicher und dauerhaft installiert zu sein. Hierf\u00fcr werden nicht nur die notwendigen Konstruktionen ben\u00f6tigt, sondern auch die richtigen Fundamente sowie die notwendigen Ma\u00dfnahmen f\u00fcr Elektroanschluss, Anarbeitung, Anpflasterung und div. Herstellungsarbeiten, die ganz unterschiedlich sein k\u00f6nnen. Genau f\u00fcr diesen Zweck bietet Ihre Division vorkalkulierte Festpreise an, um Montagesituationen richtig einsch\u00e4tzen und vom Umfang entsprechend erg\u00e4nzen zu k\u00f6nnen.<br \/>\nElektrokabel im Aussenbereich m\u00fcssen entsprechend den Vorschriften verlegt und gesichert werden.<br \/>\nTiefbauarbeiten, Besorgungsfahrten f\u00fcr Stellung Spezialmaschinen und Ger\u00e4te sowie deren Versicherung, Betriebsstoffe und Reingung mit anschliessender R\u00fcckbringung &#8211; Ihre Division bietet alles aus einer Hand.<\/p>\n<p>Alle Preise sind zzgl. der Projektierungskosten sowie des Divsion-Projekt-Profis, die je nach Umfang am Besten mit Ihnen gemeinsam vor Ort besprochen und er\u00f6rtert werden sollten.<\/p>\n<p>Informieren Sie sich hier \u00fcber die g\u00fcnstigen Divisions-Pauschalpreise und erg\u00e4nzen Sie diese mit Ihren speziellen vor Ort notwendigen Ma\u00dfnahmen.<\/p>\n","protected":false},"excerpt":{"rendered":"<p>Technische Arbeiten f\u00fcr den Aussenwerbebereich, zzgl. Projektierung gem\u00e4\u00df Briefing\/Durchsprache Projekt-Profi und der vor Ort notwendigen Ma\u00dfnahmen, zzgl. Anfahrt und weitere Ger\u00e4te und Ma\u00dfnahmen zur Jobausf\u00fchrung.<br \/>\n<strong>W\u00e4hlen Sie: schwarzes Auswahlfeld anklicken,<br \/>\n<\/strong><strong>Auswahl nach und nach in den Warenkorb packen.<\/strong><\/p>\n","protected":false},"featured_media":13197,"comment_status":"closed","ping_status":"closed","template":"","meta":{"_links_to":"","_links_to_target":""},"product_cat":[566],"product_tag":[],"_links":{"self":[{"href":"https:\/\/pylone24.de\/index.php?rest_route=\/wp\/v2\/product\/13175"}],"collection":[{"href":"https:\/\/pylone24.de\/index.php?rest_route=\/wp\/v2\/product"}],"about":[{"href":"https:\/\/pylone24.de\/index.php?rest_route=\/wp\/v2\/types\/product"}],"replies":[{"embeddable":true,"href":"https:\/\/pylone24.de\/index.php?rest_route=%2Fwp%2Fv2%2Fcomments&post=13175"}],"wp:featuredmedia":[{"embeddable":true,"href":"https:\/\/pylone24.de\/index.php?rest_route=\/wp\/v2\/media\/13197"}],"wp:attachment":[{"href":"https:\/\/pylone24.de\/index.php?rest_route=%2Fwp%2Fv2%2Fmedia&parent=13175"}],"wp:term":[{"taxonomy":"product_cat","embeddable":true,"href":"https:\/\/pylone24.de\/index.php?rest_route=%2Fwp%2Fv2%2Fproduct_cat&post=13175"},{"taxonomy":"product_tag","embeddable":true,"href":"https:\/\/pylone24.de\/index.php?rest_route=%2Fwp%2Fv2%2Fproduct_tag&post=13175"}],"curies":[{"name":"wp","href":"https:\/\/api.w.org\/{rel}","templated":true}]}}