{"id":13879,"date":"2019-10-11T11:58:18","date_gmt":"2019-10-11T09:58:18","guid":{"rendered":"https:\/\/pylone24.de\/?post_type=product&#038;p=13879"},"modified":"2019-10-11T12:15:37","modified_gmt":"2019-10-11T10:15:37","slug":"p14-seile-kappe-spanner-schrauben-kleinteile-fahnenmastzubehoer-u-v-m","status":"publish","type":"product","link":"https:\/\/pylone24.de\/?product=p14-seile-kappe-spanner-schrauben-kleinteile-fahnenmastzubehoer-u-v-m","title":{"rendered":"P14: Seile, Kappe, Spanner, Schrauben, Kleinteile, Fahnenmastzubeh\u00f6r u.v.m."},"content":{"rendered":"<p><strong>Die Montage zu hoch, zu schwer oder vorerst nicht m\u00f6glich?\u00a0<\/strong>Kein Problem f\u00fcr Citmax! In der Regel fehlt es einfach nur am knowhow oder dem technischen Zubeh\u00f6r um die Montagesituation richtig zu l\u00f6sen. Kontaktieren Sie Ihren Citmax-Profi und erfassen Sie Ihre Aufgabenstellung richtig. Sie k\u00f6nnen selber den Montageaufwand und die notwendigen Ger\u00e4tschaften einsch\u00e4tzen und bewerten oder fordern die CitmaxFachberatung an. Citmax hat deutschlandweit Montageteams und CitmaxTeamleiter, die f\u00fcr die jeweilige Aufgabenstellung\u00a0die richtige Maschinen- \/ Ger\u00e4te- \/ Kran- \/ Hubsteiger-Auswahl abgeben k\u00f6nnen.<strong>Oder:<\/strong>\u00a0Sie senden Citmax aussagef\u00e4higes Fotomaterial \u00fcber die Montagesituation vor Ort zu (jpg-Bilder mit DigiCam schiessen und zu mailen).\u00a0<strong>Oder:<\/strong>\u00a0Sie buchen unter\u00a0<strong>P10<\/strong>\u00a0oder\u00a0<strong>P11<\/strong>\u00a0Ihren Citmax-Profi\/Bauleiter, der alle notwendigen Ger\u00fcste \/ Hubsteiger \/ Krane erfasst und f\u00fcr Sie die Ausf\u00fchrung in Ihrem Sinne erledigt.<\/p>\n","protected":false},"excerpt":{"rendered":"<p>Hier erfolgt die Auswahl des richtigen Montageger\u00e4tes.<br \/>\n<strong>W\u00e4hlen Sie: schwarzes Auswahlfeld anklicken,<\/strong><br \/>\n<strong>Auswahl nach und nach in den Warenkorb packen.<\/strong><\/p>\n","protected":false},"featured_media":13880,"comment_status":"closed","ping_status":"closed","template":"","meta":{"_links_to":"","_links_to_target":""},"product_cat":[567],"product_tag":[],"_links":{"self":[{"href":"https:\/\/pylone24.de\/index.php?rest_route=\/wp\/v2\/product\/13879"}],"collection":[{"href":"https:\/\/pylone24.de\/index.php?rest_route=\/wp\/v2\/product"}],"about":[{"href":"https:\/\/pylone24.de\/index.php?rest_route=\/wp\/v2\/types\/product"}],"replies":[{"embeddable":true,"href":"https:\/\/pylone24.de\/index.php?rest_route=%2Fwp%2Fv2%2Fcomments&post=13879"}],"wp:featuredmedia":[{"embeddable":true,"href":"https:\/\/pylone24.de\/index.php?rest_route=\/wp\/v2\/media\/13880"}],"wp:attachment":[{"href":"https:\/\/pylone24.de\/index.php?rest_route=%2Fwp%2Fv2%2Fmedia&parent=13879"}],"wp:term":[{"taxonomy":"product_cat","embeddable":true,"href":"https:\/\/pylone24.de\/index.php?rest_route=%2Fwp%2Fv2%2Fproduct_cat&post=13879"},{"taxonomy":"product_tag","embeddable":true,"href":"https:\/\/pylone24.de\/index.php?rest_route=%2Fwp%2Fv2%2Fproduct_tag&post=13879"}],"curies":[{"name":"wp","href":"https:\/\/api.w.org\/{rel}","templated":true}]}}