{"id":13895,"date":"2019-10-11T12:19:20","date_gmt":"2019-10-11T10:19:20","guid":{"rendered":"https:\/\/pylone24.de\/?post_type=product&#038;p=13895"},"modified":"2019-10-11T12:32:18","modified_gmt":"2019-10-11T10:32:18","slug":"p15-stellplatz-profi-sucht-prototkolliert-stellplaetze-und-plaziert-ihre-werbung","status":"publish","type":"product","link":"https:\/\/pylone24.de\/?product=p15-stellplatz-profi-sucht-prototkolliert-stellplaetze-und-plaziert-ihre-werbung","title":{"rendered":"P15: Stellplatz-Profi sucht, prototkolliert Stellpl\u00e4tze und plaziert Ihre Werbung."},"content":{"rendered":"<p><strong>Unser Stellplatz-Profi findet f\u00fcr Sie die besten Stellpl\u00e4tze!<\/strong><\/p>\n<p>Es ist wichtig, dass so viele Leute wie m\u00f6glich Ihren Werbeanh\u00e4nger zu Gesicht bekommen. Deswegen sucht unser Profi gut sichtbare Standpl\u00e4tze and viel befahrenen Stra\u00dfen.<\/p>\n<p>&nbsp;<\/p>\n","protected":false},"excerpt":{"rendered":"<div itemprop=\"description\">\n<p>Hier erfolgt die Auswahl des richtigen Montageger\u00e4tes.<br \/>\n<strong>W\u00e4hlen Sie: schwarzes Auswahlfeld anklicken,<\/strong><br \/>\n<strong>Auswahl nach und nach in den Warenkorb packen.<\/strong><\/p>\n<p>&nbsp;<\/p>\n<\/div>\n<div><\/div>\n","protected":false},"featured_media":13896,"comment_status":"closed","ping_status":"closed","template":"","meta":{"_links_to":"","_links_to_target":""},"product_cat":[567],"product_tag":[],"_links":{"self":[{"href":"https:\/\/pylone24.de\/index.php?rest_route=\/wp\/v2\/product\/13895"}],"collection":[{"href":"https:\/\/pylone24.de\/index.php?rest_route=\/wp\/v2\/product"}],"about":[{"href":"https:\/\/pylone24.de\/index.php?rest_route=\/wp\/v2\/types\/product"}],"replies":[{"embeddable":true,"href":"https:\/\/pylone24.de\/index.php?rest_route=%2Fwp%2Fv2%2Fcomments&post=13895"}],"wp:featuredmedia":[{"embeddable":true,"href":"https:\/\/pylone24.de\/index.php?rest_route=\/wp\/v2\/media\/13896"}],"wp:attachment":[{"href":"https:\/\/pylone24.de\/index.php?rest_route=%2Fwp%2Fv2%2Fmedia&parent=13895"}],"wp:term":[{"taxonomy":"product_cat","embeddable":true,"href":"https:\/\/pylone24.de\/index.php?rest_route=%2Fwp%2Fv2%2Fproduct_cat&post=13895"},{"taxonomy":"product_tag","embeddable":true,"href":"https:\/\/pylone24.de\/index.php?rest_route=%2Fwp%2Fv2%2Fproduct_tag&post=13895"}],"curies":[{"name":"wp","href":"https:\/\/api.w.org\/{rel}","templated":true}]}}