{"id":7758,"date":"2014-02-09T19:25:53","date_gmt":"2014-02-09T18:25:53","guid":{"rendered":"https:\/\/pylone24.de\/?product=pylon-b250-x-bis-h1000cm"},"modified":"2020-05-20T12:47:19","modified_gmt":"2020-05-20T10:47:19","slug":"pylon-b250-x-bis-h1000cm","status":"publish","type":"product","link":"https:\/\/pylone24.de\/?product=pylon-b250-x-bis-h1000cm","title":{"rendered":"Pylon Variante H in den Ma\u00dfen B250 x bis H1000cm"},"content":{"rendered":"<p><strong>Stellen Sie sich Ihren Individuellen Pylon zusammen.<\/strong><br \/>\nDie Grundausstattung ist ein Pylon mit Vorder- und R\u00fcckseite mit innenliegenden Pfosten Alu natur oder verzinkt (silbergrau), ohne Beschriftung, ohne Fundamemt, Abholung ab Werk Garbsen.<br \/>\nBitte suchen Sie zuerst die richtige Pylongr\u00f6\u00dfe (Breite und H\u00f6he).<\/p>\n<p><span style=\"text-decoration: underline;\"><strong>W\u00e4hlen Sie nacheinander durch hinzuf\u00fcgen in den Warenkorb:<\/strong><\/span><br \/>\n1) zuerst die Art der Standpfostenkonstruktion, ob innen- oder aussenliegend oder mit Pylonprofil 1 oder 2 oder mit Rundpfosten oder Pylon seitlich gekantet.<\/p>\n<p>2) dann Ihre Beschriftungsart, ob 4c ganzfl\u00e4chig von Ihrer Druckdatei bedruckt\u00a0oder mit Einzelbuchstaben beschriftet, z.B. nur Logo oder mehre Logos.<br \/>\nW\u00e4hlen Sie den ca. prozentualen Fl\u00e4chenanteil der Beschriftet aus.<\/p>\n<p>3) W\u00e4hlen Sie dann, ob der Pylon veredelt werden soll, z.B. durch Edelstahlpfosten oder Edelstahl geschliffene Werbefl\u00e4che oder ob mit Pfostenlackierung nach Wahl in RAL (sonst Standardpfosten Alu natur\/ verzinkt)<\/p>\n<p>5) M\u00f6chten Sie, ob Sie den Pylon selber montieren m\u00f6chten, oder wir mit Fundamenterstellung \/ Statik montieren sollen.<\/p>\n<p>6) W\u00e4hlen Sie, ob der Pylon anliefert werden soll, ob mit oder ohne Montage.<\/p>\n<p><strong>Pylone bauen wir in 7 Grundmodellen und liefern diese<br \/>\nin diversen H\u00f6hen und Breiten aus.<\/strong><br \/>\nSie haben die Wahl zwischen Eigenmontage, mit oder ohne Fundament oder der fix und fertigen Komplettl\u00f6sung incl. Beschriftung mit betriebsbereiter fachgerechter Installation.<\/p>\n<p>Hier die wesentlichen Pylon-Profilarten erkl\u00e4rt:<br \/>\n<strong>Innenliegend:<\/strong>\u00a0Standpfosten die innenliegend sind. Mit aufgesetzten wetterfesten Tafeln. Die Standpfosten sind nur seitlich am Rand\u00a0sichtbar. Diese Pylonform ist die g\u00fcnstigste.\u00a0Die Pylonschilder werden frontseitig verschraubt.<\/p>\n<p><strong>Aussenliegend: <\/strong>Standpfosten die aussenliegend sind. Mit dazwischen gesetzten Tafeln. Die Standpfosten\u00a0sind sichtbar, k\u00f6nnen auf Wunsch farblich lackiert werden.\u00a0Die Pylonschilder werden frontseitig verschraubt.<\/p>\n<p><strong>Das Pylon-Profil1<\/strong> ist ein aus Alu geformtes seitliches Abschlussprofil welches zus\u00e4tzlich am senkrechten Randbereich auf die Standpfosten aufgebracht wird. Es erm\u00f6glicht eine gerade oder ovale (gew\u00f6lbte) Bauweise der Werbetafeln, die seitlich in das Pylonprofil eingeschoben und frontseitig verschraubt werden.<\/p>\n<p><strong>Das Pylon-Profil2<\/strong> ist ein seitliches halbrundes Abschlussprofil und eignet sich f\u00fcr gerade Werbefl\u00e4chen.\u00a0Grunds\u00e4tzlich k\u00f6nnen alle seitlichen Profile nach Kundenwunsch eingef\u00e4rbt werden.\u00a0Die Pylonschilder werden frontseitig verschraubt.<\/p>\n<p><strong>Der Rundpfosten-Pylon<\/strong> \u00a0ist wahlweise mit spitzer Kappe, oder oberen schr\u00e4gen, halbrunden oder stumpfen\u00a0Kopfabschluss zu bekommen. Die Rohrkonstruktion kann entsprechend dem Kundenwunsch lackiert werden. Die Pylonschilder werden frontseitig verschraubt.<\/p>\n<p><strong>Der gekantete Pylon<\/strong> hat eine innenliegende Konstruktion und die Beschriftungsfl\u00e4chen werden seitlich um\u00a090 Grad gekantet und verstecken somit den Standpfosten. Die Pylonschilder werden seitlich verschraubt\u00a0und frontseitig auf der Unterkonstruktion verklebt.<\/p>\n","protected":false},"excerpt":{"rendered":"<p><a href=\"https:\/\/pylone24.de\/wp-content\/uploads\/2020\/01\/12_Tipps_zur_Pylonenkalkulation.jpg\" target=\"_blank\"><img decoding=\"async\" loading=\"lazy\" class=\"alignnone size-full wp-image-13989\" alt=\"12_Tipps_zur_Pylonenkalkulation\" src=\"https:\/\/pylone24.de\/wp-content\/uploads\/2020\/01\/12_Tipps_zur_Pylonenkalkulation.jpg\" width=\"3508\" height=\"2681\" \/><\/a>Hier treffen Sie Ihre Pylon-Auswahl<br \/>\ndurch\u00a0hinzuf\u00fcgen in den Warenkorb.<br \/>\nEinfache modulare Erg\u00e4nzung.<br \/>\nHier erfolgt die<strong>\u00a0<a title=\"Hier finden Sie die Infos zur Basis-Pylonauswahl.\" href=\"https:\/\/pylone24.de\/?page_id=6680\" target=\"_blank\">Basis-Auswahl<\/a>\u00a0<\/strong>.<strong><br \/>\nBeleuchtungsausstattung\u00a0finden Sie unter<\/strong>\u00a0<a title=\"Beleuchtete Pylonbeschreibung.\" href=\"https:\/\/pylone24.de\/?page_id=6690\" target=\"_blank\"><strong>beleuchtete Pylone<\/strong><\/a>.<\/p>\n<p><strong>W\u00e4hlen Sie: schwarzes Auswahlfeld anklicken,<\/strong><br \/>\n<strong>Auswahl nach und nach in den Warenkorb packen.<\/strong><\/p>\n","protected":false},"featured_media":11642,"comment_status":"closed","ping_status":"closed","template":"","meta":{"_links_to":"","_links_to_target":""},"product_cat":[471],"product_tag":[],"_links":{"self":[{"href":"https:\/\/pylone24.de\/index.php?rest_route=\/wp\/v2\/product\/7758"}],"collection":[{"href":"https:\/\/pylone24.de\/index.php?rest_route=\/wp\/v2\/product"}],"about":[{"href":"https:\/\/pylone24.de\/index.php?rest_route=\/wp\/v2\/types\/product"}],"replies":[{"embeddable":true,"href":"https:\/\/pylone24.de\/index.php?rest_route=%2Fwp%2Fv2%2Fcomments&post=7758"}],"wp:featuredmedia":[{"embeddable":true,"href":"https:\/\/pylone24.de\/index.php?rest_route=\/wp\/v2\/media\/11642"}],"wp:attachment":[{"href":"https:\/\/pylone24.de\/index.php?rest_route=%2Fwp%2Fv2%2Fmedia&parent=7758"}],"wp:term":[{"taxonomy":"product_cat","embeddable":true,"href":"https:\/\/pylone24.de\/index.php?rest_route=%2Fwp%2Fv2%2Fproduct_cat&post=7758"},{"taxonomy":"product_tag","embeddable":true,"href":"https:\/\/pylone24.de\/index.php?rest_route=%2Fwp%2Fv2%2Fproduct_tag&post=7758"}],"curies":[{"name":"wp","href":"https:\/\/api.w.org\/{rel}","templated":true}]}}