{"id":8249,"date":"2014-02-10T07:05:15","date_gmt":"2014-02-10T06:05:15","guid":{"rendered":"https:\/\/pylone24.de\/?product=pylon-b300-x-bis-h450cm-beleuchtet"},"modified":"2020-01-28T15:54:36","modified_gmt":"2020-01-28T14:54:36","slug":"pylon-b300-x-bis-h450cm-beleuchtet","status":"publish","type":"product","link":"https:\/\/pylone24.de\/?product=pylon-b300-x-bis-h450cm-beleuchtet","title":{"rendered":"Pylon B300 x bis H450cm beleuchtet"},"content":{"rendered":"<p><strong>Bei der Pylonausleuchtung haben Sie folgende Auswahl:<\/strong> 1) den Pylon anstrahlen mit einem externen Strahler der entweder &#8211; mittels Auslegearm oben mittig \u00fcber dem Pylon montiert wird, dann erfolgt die Ausleuchtung von oben nach unten, oder &#8211; mit einem Strahler, der mittig vor dem Pylon in Bodenn\u00e4he auf einem kleinen Fundament montiert wird, dann wird der Pylon von unten nach oben anstrahlt. 2) Desweiteren gibt es die interne Ausleuchtung, also von innen nach aussen, \u00e4hnlich wie Sie es bei Leuchttransparenten bestimmt schon oft gesehen haben. Hier unterscheiden wir im wesentlichen zwei Materialien \/ Grundarten: a) die Werbefl\u00e4che besteht aus Acrylglas oder b) die Werbefl\u00e4che besteht aus einem Spanntuch Die Ausleuchtung selber wird erzeugt durch: &#8211; Leuchtstoffr\u00f6hren, die sich in der Vergangenheit millionenfach bew\u00e4hrt haben\u00a0oder &#8211; LED-Technik, die stromsparender und langlebiger ist. LED-Beleuchtung erm\u00f6glicht\u00a0auch eine etwas schmalere\/schlankere\u00a0Bauweise der Pylone. <strong>Sie haben die Wahl.<\/strong> Weitere Details zur\u00a0<strong><a title=\"Ausleuchtung von Pylonen\" href=\"https:\/\/pylone24.de\/?page_id=6690\" target=\"_blank\">Ausleuchtungs-Beschreibung<\/a><\/strong>\u00a0lesen Sie bitte\u00a0<strong><a title=\"Ausleuchtung von Pylonen\" href=\"https:\/\/pylone24.de\/?page_id=6690\" target=\"_blank\">hier.<\/a><\/strong><\/p>\n","protected":false},"excerpt":{"rendered":"<p><a href=\"https:\/\/pylone24.de\/wp-content\/uploads\/2020\/01\/12_Tipps_zur_Pylonenkalkulation.jpg\" target=\"_blank\"><img decoding=\"async\" loading=\"lazy\" class=\"alignnone size-full wp-image-13989\" alt=\"12_Tipps_zur_Pylonenkalkulation\" src=\"https:\/\/pylone24.de\/wp-content\/uploads\/2020\/01\/12_Tipps_zur_Pylonenkalkulation.jpg\" width=\"3508\" height=\"2681\" \/><\/a>Zusatzoption f\u00fcr Ihren ausgew\u00e4hlten Basis-Pylon. Hier buchen Sie Ausleuchtung \/ Montage \/ Beschriftung \/ Elt.-Zuleitung wie folgt:<\/p>\n<p><strong>W\u00e4hlen Sie: schwarzes Auswahlfeld anklicken,<\/strong><br \/>\n<strong>Auswahl nach und nach in den Warenkorb packen.<\/strong><\/p>\n","protected":false},"featured_media":11976,"comment_status":"closed","ping_status":"closed","template":"","meta":{"_links_to":"","_links_to_target":""},"product_cat":[484],"product_tag":[],"_links":{"self":[{"href":"https:\/\/pylone24.de\/index.php?rest_route=\/wp\/v2\/product\/8249"}],"collection":[{"href":"https:\/\/pylone24.de\/index.php?rest_route=\/wp\/v2\/product"}],"about":[{"href":"https:\/\/pylone24.de\/index.php?rest_route=\/wp\/v2\/types\/product"}],"replies":[{"embeddable":true,"href":"https:\/\/pylone24.de\/index.php?rest_route=%2Fwp%2Fv2%2Fcomments&post=8249"}],"wp:featuredmedia":[{"embeddable":true,"href":"https:\/\/pylone24.de\/index.php?rest_route=\/wp\/v2\/media\/11976"}],"wp:attachment":[{"href":"https:\/\/pylone24.de\/index.php?rest_route=%2Fwp%2Fv2%2Fmedia&parent=8249"}],"wp:term":[{"taxonomy":"product_cat","embeddable":true,"href":"https:\/\/pylone24.de\/index.php?rest_route=%2Fwp%2Fv2%2Fproduct_cat&post=8249"},{"taxonomy":"product_tag","embeddable":true,"href":"https:\/\/pylone24.de\/index.php?rest_route=%2Fwp%2Fv2%2Fproduct_tag&post=8249"}],"curies":[{"name":"wp","href":"https:\/\/api.w.org\/{rel}","templated":true}]}}