{"id":8569,"date":"2014-02-10T11:19:08","date_gmt":"2014-02-10T10:19:08","guid":{"rendered":"https:\/\/pylone24.de\/?product=dreieck-pylon-b125-x-bis-h875cm"},"modified":"2020-01-29T08:22:03","modified_gmt":"2020-01-29T07:22:03","slug":"dreieck-pylon-b125-x-bis-h875cm","status":"publish","type":"product","link":"https:\/\/pylone24.de\/?product=dreieck-pylon-b125-x-bis-h875cm","title":{"rendered":"Dreieck-Pylon B125 x bis H875cm"},"content":{"rendered":"<p><strong>Stellen Sie sich Ihren individuellen Dreieck-Pylon zusammen.<\/strong><br \/>\nDie Grundausstattung ist ein dreiseitiger Pylon mit drei gleich gro\u00dfen Werbefl\u00e4chen mit innenliegenden Standpfosten Alu natur oder verzinkt (silbergrau), ohne Beschriftung, ohne Fundamemt, Abholung ab Werk Garbsen.<br \/>\nBitte suchen Sie zuerst die richtige Pylongr\u00f6\u00dfe (Breite und H\u00f6he).<\/p>\n<p><span style=\"text-decoration: underline;\"><strong>W\u00e4hlen Sie nacheinander durch hinzuf\u00fcgen in den Warenkorb:<\/strong><\/span><br \/>\n1) zuerst die Art der Standpfostenkonstruktion, ob innen- oder aussenliegend oder mit Rundpfosten 1 oder 2, siehe Zeichnung.<\/p>\n<p>2) dann Ihre Beschriftungsart, ob 4c ganzfl\u00e4chig von Ihrer Druckdatei bedruckt\u00a0oder mit Einzelbuchstaben beschriftet, z.B. nur Logo oder mehre Logos. Bitte genaue Beschreibung in sep. mail.<br \/>\nW\u00e4hlen Sie den ca. prozentualen Fl\u00e4chenanteil, der beschriftet werden soll, aus.<br \/>\nW\u00e4hlen Sie durch Einf\u00fcgen in den Warenkorb die Anzahl der zu beschriftenden Pylonseiten aus.<br \/>\nSoll der Dreieck-Pylon nur auf 2 Seiten beschriftet werden, brauchen Sie auch nur 2 stck. Beschriftungen in den Warenkorb packen.<\/p>\n<p>3) W\u00e4hlen Sie dann, ob der Pylon veredelt werden soll, z.B. durch Edelstahlpfosten oder Edelstahl geschliffene Werbefl\u00e4che. Auch eine Standpfostenlackierung nach Wahl in RAL (sonst Standardpfosten Alu natur\/ verzinkt) ist m\u00f6glich.<\/p>\n<p>4) Bei innenliegenden Standpfosten kann zus\u00e4tzlich ein Eckabschlussprofil (wahlweise gekantetes Blech in RAL lackiert oder Edelstahl-Eckblech gekantet) gebucht werden. \u00a0Der Laufmeter kostet 48,00 \u20ac, bei einem Dreieck-PylonH 500cm, wo alle 3 Ecken damit ausgestattet werden, sind somit 15lfd\/m Eckprofil<br \/>\nin den Warenkorb zu f\u00fcgen (3 x 5m = 15 m). Der Preis ist incl. Montage.<\/p>\n<p>5) W\u00e4hlen Sie, ob Sie den Pylon selber montieren m\u00f6chten, oder ob wir mit Fundamenterstellung \/ Statik montieren sollen.<\/p>\n<p>6) W\u00e4hlen Sie, ob der Pylon anliefert werden soll, ob mit oder ohne Montage.<\/p>\n<p><strong>Dreieck-Pylone bauen wir mit eckigen und runden Standrohren und liefern diese<br \/>\nin diversen H\u00f6hen und Breiten aus.<\/strong><br \/>\nSie haben die Wahl zwischen Eigenmontage, mit oder ohne Fundament, oder der fix und fertigen Komplettl\u00f6sung incl. Beschriftung mit betriebsbereiter fachgerechter Installation.<br \/>\nBei Zwischenma\u00dfen bei der Pylonh\u00f6henangabe gilt immer die Ma\u00dfangabe aus die der Pylon hergestellt werden kann: Pylon B100 x H 470cm w\u00e4hlen Sie den B100 x H 500 cm.<br \/>\nBei geplanten Pylon z. B. \u00a0H 620 cm w\u00e4hlen Sie die n\u00e4chst h\u00f6here H\u00f6he, also H 700 cm oder<br \/>\nSie planen die Pylonh\u00f6he auf die g\u00fcnstigere H\u00f6he von bis zu H 600 cm.<\/p>\n<p><strong>Innenliegend:<\/strong>\u00a0eckige Standpfosten die innenliegend sind. Mit aufgesetzten wetterfesten Tafeln. Die Standpfosten sind nicht sichtbar, da die Tafeln diese verdecken. Die Werbetafeln stossen im Eckbereich Sto\u00df an Sto\u00df zusammen. F\u00fcr diese Standrohr-Art kann optional f\u00fcr den Eckbereich eine sep. Eck-Kante gebucht werden, die sich nach lfd\/m. \u00a0(also Pylonh\u00f6he mal 3) berechnet. Die Pylonschilder\/Werbetafeln werden bei allen Standrohr-Arten frontseitig verschraubt.<\/p>\n<p><strong>Aussenliegend, eckig: <\/strong>eckige, sichtbare\u00a0Standpfosten die aussenliegend sind. Bei allen Standrohr-Arten sind die Standpfosten Alu natur silber oder silber verzinkt. Die Standpfosten k\u00f6nnen optional in RAL lackiert werden.<\/p>\n<p><strong>Aussenliegend rund1:<\/strong>\u00a0die Rundrohr-Standkonstruktion ist sichtbar. Die Quertraversen mit dem aufgeschraubten Werbeschild schliessen\u00a0mittig an den seitlichen Standrohren an, siehe Zeichnung. Sonst w.o. .<\/p>\n<p><strong>Aussenliegend rund2:\u00a0<\/strong>ist die Rundrohr-Standkonstruktion ebenso sichtbar. Die Quertraversen mit dem aufgeschraubten Werbeschild schliessen an der Frontseite\u00a0der seitlichen Standrohre ab, siehe Zeichnung. Sonst w.o. .<\/p>\n<div><strong>Rundpfosten-Pylon:<\/strong> \u00a0ist am oberen Rohrkopf in der Basic-Variante gerade. Optional kann als Gestaltungselement der Rohrkopf wahlweise mit spitzer Kappe, oder oberen schr\u00e4gen, halbrunden oder stumpfen Rohrkopfabschluss bestellt werden, einfach bei Bestellung\/per mail mit angeben.<\/div>\n","protected":false},"excerpt":{"rendered":"<p><a href=\"https:\/\/pylone24.de\/wp-content\/uploads\/2020\/01\/12_Tipps_zur_Pylonenkalkulation.jpg\" target=\"_blank\"><img decoding=\"async\" loading=\"lazy\" class=\"alignnone size-full wp-image-13989\" alt=\"12_Tipps_zur_Pylonenkalkulation\" src=\"https:\/\/pylone24.de\/wp-content\/uploads\/2020\/01\/12_Tipps_zur_Pylonenkalkulation.jpg\" width=\"3508\" height=\"2681\" \/><\/a>Hier treffen Sie Ihre Pylon-Auswahl<br \/>\ndurch\u00a0hinzuf\u00fcgen in den Warenkorb.<br \/>\nEinfache modulare Erg\u00e4nzung.<br \/>\nHier erfolgt die<strong>\u00a0<a title=\"Hier finden Sie die Infos zur Basis-Pylonauswahl.\" href=\"https:\/\/pylone24.de\/?page_id=6680\" target=\"_blank\">Basis-Auswahl<\/a>\u00a0<\/strong>.<strong><br \/>\nBeleuchtungsausstattung\u00a0finden Sie unter<\/strong>\u00a0<a title=\"Beleuchtete Pylonbeschreibung.\" href=\"https:\/\/pylone24.de\/?page_id=6690\" target=\"_blank\"><strong>beleuchtete Pylone<\/strong><\/a>.<\/p>\n","protected":false},"featured_media":11353,"comment_status":"closed","ping_status":"closed","template":"","meta":{"_links_to":"","_links_to_target":""},"product_cat":[486],"product_tag":[],"_links":{"self":[{"href":"https:\/\/pylone24.de\/index.php?rest_route=\/wp\/v2\/product\/8569"}],"collection":[{"href":"https:\/\/pylone24.de\/index.php?rest_route=\/wp\/v2\/product"}],"about":[{"href":"https:\/\/pylone24.de\/index.php?rest_route=\/wp\/v2\/types\/product"}],"replies":[{"embeddable":true,"href":"https:\/\/pylone24.de\/index.php?rest_route=%2Fwp%2Fv2%2Fcomments&post=8569"}],"wp:featuredmedia":[{"embeddable":true,"href":"https:\/\/pylone24.de\/index.php?rest_route=\/wp\/v2\/media\/11353"}],"wp:attachment":[{"href":"https:\/\/pylone24.de\/index.php?rest_route=%2Fwp%2Fv2%2Fmedia&parent=8569"}],"wp:term":[{"taxonomy":"product_cat","embeddable":true,"href":"https:\/\/pylone24.de\/index.php?rest_route=%2Fwp%2Fv2%2Fproduct_cat&post=8569"},{"taxonomy":"product_tag","embeddable":true,"href":"https:\/\/pylone24.de\/index.php?rest_route=%2Fwp%2Fv2%2Fproduct_tag&post=8569"}],"curies":[{"name":"wp","href":"https:\/\/api.w.org\/{rel}","templated":true}]}}